{"id":2760,"date":"2026-04-08T19:08:32","date_gmt":"2026-04-08T19:08:32","guid":{"rendered":"https:\/\/naturelegance.com.br\/?post_type=product&#038;p=2760"},"modified":"2026-04-08T19:08:32","modified_gmt":"2026-04-08T19:08:32","slug":"nutren-senior-sabor-baunilha-740g-suplemento-em-po-nestle","status":"publish","type":"product","link":"https:\/\/naturelegance.com.br\/en\/product\/nutren-senior-sabor-baunilha-740g-suplemento-em-po-nestle\/","title":{"rendered":"Nutren Senior sabor baunilha 740g &#8211; suplemento em p\u00f3 &#8211; Nestl\u00e9"},"content":{"rendered":"<h2 data-path-to-node=\"3\"><b data-path-to-node=\"3\" data-index-in-node=\"0\">Recupere sua Vitalidade e Disposi\u00e7\u00e3o Todos os Dias! \ud83c\udf1f\ud83d\udcaa\u2728<\/b><\/h2>\n<p data-path-to-node=\"4\"><b data-path-to-node=\"4\" data-index-in-node=\"0\">Sente que falta energia para aproveitar o melhor da vida?<\/b> O <b data-path-to-node=\"4\" data-index-in-node=\"60\">Nutren Senior sabor Baunilha<\/b> da Nestl\u00e9 \u00e9 o suplemento mais completo, desenvolvido especialmente para quem sabe que a melhor fase \u00e9 agora! Com uma combina\u00e7\u00e3o poderosa de prote\u00ednas, vitaminas e minerais, ele \u00e9 o aliado perfeito para manter seus m\u00fasculos fortes e sua mente ativa. \ud83d\ude80\ud83e\udde0<\/p>\n<p data-path-to-node=\"5\">N\u00e3o aceite menos do que o m\u00e1ximo de nutri\u00e7\u00e3o. Com um sabor delicioso e cremoso de baunilha, cuidar da sa\u00fade nunca foi t\u00e3o prazeroso. Garanta a for\u00e7a que seu corpo precisa para n\u00e3o parar nunca! \ud83d\udcc8\u2705<\/p>\n<ul data-path-to-node=\"6\">\n<li>\n<p data-path-to-node=\"6,0,0\"><b data-path-to-node=\"6,0,0\" data-index-in-node=\"0\">For\u00e7a Muscular:<\/b> Rico em prote\u00ednas que auxiliam na manuten\u00e7\u00e3o dos m\u00fasculos.<\/p>\n<\/li>\n<li>\n<p data-path-to-node=\"6,1,0\"><b data-path-to-node=\"6,1,0\" data-index-in-node=\"0\">Sa\u00fade \u00d3ssea:<\/b> C\u00e1lcio e Vitamina D para ossos sempre resistentes. \ud83e\uddb4<\/p>\n<\/li>\n<li>\n<p data-path-to-node=\"6,2,0\"><b data-path-to-node=\"6,2,0\" data-index-in-node=\"0\">Imunidade Blindada:<\/b> Mix de vitaminas e minerais para refor\u00e7ar suas defesas. \ud83d\udee1\ufe0f<\/p>\n<\/li>\n<li>\n<p data-path-to-node=\"6,3,0\"><b data-path-to-node=\"6,3,0\" data-index-in-node=\"0\">Versatilidade:<\/b> Sem adi\u00e7\u00e3o de a\u00e7\u00facares, perfeito para bater com frutas ou tomar puro! \ud83e\udd5b\ud83c\udf66<\/p>\n<\/li>\n<\/ul>\n<p data-path-to-node=\"7\"><b data-path-to-node=\"7\" data-index-in-node=\"0\">Escolha viver com mais energia e independ\u00eancia!<\/b> \ud83c\udfc6 Clique e garanta o seu Nutren Senior 740g pelo melhor pre\u00e7o!<\/p>","protected":false},"excerpt":{"rendered":"<h2 data-path-to-node=\"3\"><b data-path-to-node=\"3\" data-index-in-node=\"0\">Recupere sua Vitalidade e Disposi\u00e7\u00e3o Todos os Dias! \ud83c\udf1f\ud83d\udcaa\u2728<\/b><\/h2>\n<p data-path-to-node=\"4\"><b data-path-to-node=\"4\" data-index-in-node=\"0\">Sente que falta energia para aproveitar o melhor da vida?<\/b> O <b data-path-to-node=\"4\" data-index-in-node=\"60\">Nutren Senior sabor Baunilha<\/b> da Nestl\u00e9 \u00e9 o suplemento mais completo, desenvolvido especialmente para quem sabe que a melhor fase \u00e9 agora! Com uma combina\u00e7\u00e3o poderosa de prote\u00ednas, vitaminas e minerais, ele \u00e9 o aliado perfeito para manter seus m\u00fasculos fortes e sua mente ativa. \ud83d\ude80\ud83e\udde0<\/p>\n<p data-path-to-node=\"5\">N\u00e3o aceite menos do que o m\u00e1ximo de nutri\u00e7\u00e3o. Com um sabor delicioso e cremoso de baunilha, cuidar da sa\u00fade nunca foi t\u00e3o prazeroso. Garanta a for\u00e7a que seu corpo precisa para n\u00e3o parar nunca! \ud83d\udcc8\u2705<\/p>\n<ul data-path-to-node=\"6\">\n<li>\n<p data-path-to-node=\"6,0,0\"><b data-path-to-node=\"6,0,0\" data-index-in-node=\"0\">For\u00e7a Muscular:<\/b> Rico em prote\u00ednas que auxiliam na manuten\u00e7\u00e3o dos m\u00fasculos.<\/p>\n<\/li>\n<li>\n<p data-path-to-node=\"6,1,0\"><b data-path-to-node=\"6,1,0\" data-index-in-node=\"0\">Sa\u00fade \u00d3ssea:<\/b> C\u00e1lcio e Vitamina D para ossos sempre resistentes. \ud83e\uddb4<\/p>\n<\/li>\n<li>\n<p data-path-to-node=\"6,2,0\"><b data-path-to-node=\"6,2,0\" data-index-in-node=\"0\">Imunidade Blindada:<\/b> Mix de vitaminas e minerais para refor\u00e7ar suas defesas. \ud83d\udee1\ufe0f<\/p>\n<\/li>\n<li>\n<p data-path-to-node=\"6,3,0\"><b data-path-to-node=\"6,3,0\" data-index-in-node=\"0\">Versatilidade:<\/b> Sem adi\u00e7\u00e3o de a\u00e7\u00facares, perfeito para bater com frutas ou tomar puro! \ud83e\udd5b\ud83c\udf66<\/p>\n<\/li>\n<\/ul>\n<p data-path-to-node=\"7\"><b data-path-to-node=\"7\" data-index-in-node=\"0\">Escolha viver com mais energia e independ\u00eancia!<\/b> \ud83c\udfc6 Clique e garanta o seu Nutren Senior 740g pelo melhor pre\u00e7o!<\/p>","protected":false},"featured_media":2761,"template":"","meta":[],"product_brand":[],"product_cat":[40],"product_tag":[],"class_list":{"0":"post-2760","1":"product","2":"type-product","3":"status-publish","4":"has-post-thumbnail","6":"product_cat-suplemento","8":"first","9":"instock","10":"shipping-taxable","11":"product-type-external"},"yoast_head":"<!-- This site is optimized with the Yoast SEO plugin v27.6 - https:\/\/yoast.com\/product\/yoast-seo-wordpress\/ -->\n<title>Nutren Senior sabor baunilha 740g - suplemento em p\u00f3 - Nestl\u00e9 - Natur \u00c9l\u00e9gance<\/title>\n<meta name=\"description\" content=\"O Nutren Senior sabor Baunilha da Nestl\u00e9 \u00e9 o suplemento mais completo, desenvolvido especialmente para quem sabe que a melhor fase \u00e9 agora! Com uma combina\u00e7\u00e3o poderosa de prote\u00ednas, vitaminas e minerais, ele \u00e9 o aliado perfeito para manter seus m\u00fasculos fortes e sua mente ativa\" \/>\n<meta name=\"robots\" content=\"index, follow, max-snippet:-1, max-image-preview:large, max-video-preview:-1\" \/>\n<link rel=\"canonical\" href=\"https:\/\/naturelegance.com.br\/en\/product\/nutren-senior-sabor-baunilha-740g-suplemento-em-po-nestle\/\" \/>\n<meta property=\"og:locale\" content=\"en_US\" \/>\n<meta property=\"og:type\" content=\"article\" \/>\n<meta property=\"og:title\" content=\"Nutren Senior sabor baunilha 740g - suplemento em p\u00f3 - Nestl\u00e9 - Natur \u00c9l\u00e9gance\" \/>\n<meta property=\"og:description\" content=\"O Nutren Senior sabor Baunilha da Nestl\u00e9 \u00e9 o suplemento mais completo, desenvolvido especialmente para quem sabe que a melhor fase \u00e9 agora! Com uma combina\u00e7\u00e3o poderosa de prote\u00ednas, vitaminas e minerais, ele \u00e9 o aliado perfeito para manter seus m\u00fasculos fortes e sua mente ativa\" \/>\n<meta property=\"og:url\" content=\"https:\/\/naturelegance.com.br\/en\/product\/nutren-senior-sabor-baunilha-740g-suplemento-em-po-nestle\/\" \/>\n<meta property=\"og:site_name\" content=\"Natur \u00c9l\u00e9gance\" \/>\n<meta property=\"og:image\" content=\"https:\/\/naturelegance.com.br\/wp-content\/uploads\/2026\/04\/Design-sem-nome-9.png\" \/>\n\t<meta property=\"og:image:width\" content=\"800\" \/>\n\t<meta property=\"og:image:height\" content=\"800\" \/>\n\t<meta property=\"og:image:type\" content=\"image\/png\" \/>\n<meta name=\"twitter:card\" content=\"summary_large_image\" \/>\n<meta name=\"twitter:label1\" content=\"Est. reading time\" \/>\n\t<meta name=\"twitter:data1\" content=\"2 minutes\" \/>\n<script type=\"application\/ld+json\" class=\"yoast-schema-graph\">{\"@context\":\"https:\\\/\\\/schema.org\",\"@graph\":[{\"@type\":\"WebPage\",\"@id\":\"https:\\\/\\\/naturelegance.com.br\\\/produto\\\/nutren-senior-sabor-baunilha-740g-suplemento-em-po-nestle\\\/\",\"url\":\"https:\\\/\\\/naturelegance.com.br\\\/produto\\\/nutren-senior-sabor-baunilha-740g-suplemento-em-po-nestle\\\/\",\"name\":\"Nutren Senior sabor baunilha 740g - suplemento em p\u00f3 - Nestl\u00e9 - Natur \u00c9l\u00e9gance\",\"isPartOf\":{\"@id\":\"https:\\\/\\\/naturelegance.com.br\\\/#website\"},\"primaryImageOfPage\":{\"@id\":\"https:\\\/\\\/naturelegance.com.br\\\/produto\\\/nutren-senior-sabor-baunilha-740g-suplemento-em-po-nestle\\\/#primaryimage\"},\"image\":{\"@id\":\"https:\\\/\\\/naturelegance.com.br\\\/produto\\\/nutren-senior-sabor-baunilha-740g-suplemento-em-po-nestle\\\/#primaryimage\"},\"thumbnailUrl\":\"https:\\\/\\\/naturelegance.com.br\\\/wp-content\\\/uploads\\\/2026\\\/04\\\/Design-sem-nome-9.png\",\"datePublished\":\"2026-04-08T19:08:32+00:00\",\"description\":\"O Nutren Senior sabor Baunilha da Nestl\u00e9 \u00e9 o suplemento mais completo, desenvolvido especialmente para quem sabe que a melhor fase \u00e9 agora! Com uma combina\u00e7\u00e3o poderosa de prote\u00ednas, vitaminas e minerais, ele \u00e9 o aliado perfeito para manter seus m\u00fasculos fortes e sua mente ativa\",\"breadcrumb\":{\"@id\":\"https:\\\/\\\/naturelegance.com.br\\\/produto\\\/nutren-senior-sabor-baunilha-740g-suplemento-em-po-nestle\\\/#breadcrumb\"},\"inLanguage\":\"en-US\",\"potentialAction\":[{\"@type\":\"ReadAction\",\"target\":[\"https:\\\/\\\/naturelegance.com.br\\\/produto\\\/nutren-senior-sabor-baunilha-740g-suplemento-em-po-nestle\\\/\"]}]},{\"@type\":\"ImageObject\",\"inLanguage\":\"en-US\",\"@id\":\"https:\\\/\\\/naturelegance.com.br\\\/produto\\\/nutren-senior-sabor-baunilha-740g-suplemento-em-po-nestle\\\/#primaryimage\",\"url\":\"https:\\\/\\\/naturelegance.com.br\\\/wp-content\\\/uploads\\\/2026\\\/04\\\/Design-sem-nome-9.png\",\"contentUrl\":\"https:\\\/\\\/naturelegance.com.br\\\/wp-content\\\/uploads\\\/2026\\\/04\\\/Design-sem-nome-9.png\",\"width\":800,\"height\":800},{\"@type\":\"BreadcrumbList\",\"@id\":\"https:\\\/\\\/naturelegance.com.br\\\/produto\\\/nutren-senior-sabor-baunilha-740g-suplemento-em-po-nestle\\\/#breadcrumb\",\"itemListElement\":[{\"@type\":\"ListItem\",\"position\":1,\"name\":\"Home\",\"item\":\"https:\\\/\\\/naturelegance.com.br\\\/\"},{\"@type\":\"ListItem\",\"position\":2,\"name\":\"Loja\",\"item\":\"https:\\\/\\\/naturelegance.com.br\\\/loja\\\/\"},{\"@type\":\"ListItem\",\"position\":3,\"name\":\"Nutren Senior sabor baunilha 740g &#8211; suplemento em p\u00f3 &#8211; Nestl\u00e9\"}]},{\"@type\":\"WebSite\",\"@id\":\"https:\\\/\\\/naturelegance.com.br\\\/#website\",\"url\":\"https:\\\/\\\/naturelegance.com.br\\\/\",\"name\":\"Natur \u00c9l\u00e9gance\",\"description\":\"Produto de sa\u00fade e beleza\",\"publisher\":{\"@id\":\"https:\\\/\\\/naturelegance.com.br\\\/#organization\"},\"potentialAction\":[{\"@type\":\"SearchAction\",\"target\":{\"@type\":\"EntryPoint\",\"urlTemplate\":\"https:\\\/\\\/naturelegance.com.br\\\/?s={search_term_string}\"},\"query-input\":{\"@type\":\"PropertyValueSpecification\",\"valueRequired\":true,\"valueName\":\"search_term_string\"}}],\"inLanguage\":\"en-US\"},{\"@type\":\"Organization\",\"@id\":\"https:\\\/\\\/naturelegance.com.br\\\/#organization\",\"name\":\"Natur \u00c9l\u00e9gance\",\"url\":\"https:\\\/\\\/naturelegance.com.br\\\/\",\"logo\":{\"@type\":\"ImageObject\",\"inLanguage\":\"en-US\",\"@id\":\"https:\\\/\\\/naturelegance.com.br\\\/#\\\/schema\\\/logo\\\/image\\\/\",\"url\":\"https:\\\/\\\/naturelegance.com.br\\\/wp-content\\\/uploads\\\/2026\\\/04\\\/cropped-file_00000000045c71f5bcf5b5b2271a815d.png\",\"contentUrl\":\"https:\\\/\\\/naturelegance.com.br\\\/wp-content\\\/uploads\\\/2026\\\/04\\\/cropped-file_00000000045c71f5bcf5b5b2271a815d.png\",\"width\":721,\"height\":435,\"caption\":\"Natur \u00c9l\u00e9gance\"},\"image\":{\"@id\":\"https:\\\/\\\/naturelegance.com.br\\\/#\\\/schema\\\/logo\\\/image\\\/\"}}]}<\/script>\n<!-- \/ Yoast SEO plugin. -->","yoast_head_json":{"title":"Nutren Senior sabor baunilha 740g - suplemento em p\u00f3 - Nestl\u00e9 - Natur \u00c9l\u00e9gance","description":"O Nutren Senior sabor Baunilha da Nestl\u00e9 \u00e9 o suplemento mais completo, desenvolvido especialmente para quem sabe que a melhor fase \u00e9 agora! Com uma combina\u00e7\u00e3o poderosa de prote\u00ednas, vitaminas e minerais, ele \u00e9 o aliado perfeito para manter seus m\u00fasculos fortes e sua mente ativa","robots":{"index":"index","follow":"follow","max-snippet":"max-snippet:-1","max-image-preview":"max-image-preview:large","max-video-preview":"max-video-preview:-1"},"canonical":"https:\/\/naturelegance.com.br\/en\/product\/nutren-senior-sabor-baunilha-740g-suplemento-em-po-nestle\/","og_locale":"en_US","og_type":"article","og_title":"Nutren Senior sabor baunilha 740g - suplemento em p\u00f3 - Nestl\u00e9 - Natur \u00c9l\u00e9gance","og_description":"O Nutren Senior sabor Baunilha da Nestl\u00e9 \u00e9 o suplemento mais completo, desenvolvido especialmente para quem sabe que a melhor fase \u00e9 agora! Com uma combina\u00e7\u00e3o poderosa de prote\u00ednas, vitaminas e minerais, ele \u00e9 o aliado perfeito para manter seus m\u00fasculos fortes e sua mente ativa","og_url":"https:\/\/naturelegance.com.br\/en\/product\/nutren-senior-sabor-baunilha-740g-suplemento-em-po-nestle\/","og_site_name":"Natur \u00c9l\u00e9gance","og_image":[{"width":800,"height":800,"url":"https:\/\/naturelegance.com.br\/wp-content\/uploads\/2026\/04\/Design-sem-nome-9.png","type":"image\/png"}],"twitter_card":"summary_large_image","twitter_misc":{"Est. reading time":"2 minutes"},"schema":{"@context":"https:\/\/schema.org","@graph":[{"@type":"WebPage","@id":"https:\/\/naturelegance.com.br\/produto\/nutren-senior-sabor-baunilha-740g-suplemento-em-po-nestle\/","url":"https:\/\/naturelegance.com.br\/produto\/nutren-senior-sabor-baunilha-740g-suplemento-em-po-nestle\/","name":"Nutren Senior sabor baunilha 740g - suplemento em p\u00f3 - Nestl\u00e9 - Natur \u00c9l\u00e9gance","isPartOf":{"@id":"https:\/\/naturelegance.com.br\/#website"},"primaryImageOfPage":{"@id":"https:\/\/naturelegance.com.br\/produto\/nutren-senior-sabor-baunilha-740g-suplemento-em-po-nestle\/#primaryimage"},"image":{"@id":"https:\/\/naturelegance.com.br\/produto\/nutren-senior-sabor-baunilha-740g-suplemento-em-po-nestle\/#primaryimage"},"thumbnailUrl":"https:\/\/naturelegance.com.br\/wp-content\/uploads\/2026\/04\/Design-sem-nome-9.png","datePublished":"2026-04-08T19:08:32+00:00","description":"O Nutren Senior sabor Baunilha da Nestl\u00e9 \u00e9 o suplemento mais completo, desenvolvido especialmente para quem sabe que a melhor fase \u00e9 agora! Com uma combina\u00e7\u00e3o poderosa de prote\u00ednas, vitaminas e minerais, ele \u00e9 o aliado perfeito para manter seus m\u00fasculos fortes e sua mente ativa","breadcrumb":{"@id":"https:\/\/naturelegance.com.br\/produto\/nutren-senior-sabor-baunilha-740g-suplemento-em-po-nestle\/#breadcrumb"},"inLanguage":"en-US","potentialAction":[{"@type":"ReadAction","target":["https:\/\/naturelegance.com.br\/produto\/nutren-senior-sabor-baunilha-740g-suplemento-em-po-nestle\/"]}]},{"@type":"ImageObject","inLanguage":"en-US","@id":"https:\/\/naturelegance.com.br\/produto\/nutren-senior-sabor-baunilha-740g-suplemento-em-po-nestle\/#primaryimage","url":"https:\/\/naturelegance.com.br\/wp-content\/uploads\/2026\/04\/Design-sem-nome-9.png","contentUrl":"https:\/\/naturelegance.com.br\/wp-content\/uploads\/2026\/04\/Design-sem-nome-9.png","width":800,"height":800},{"@type":"BreadcrumbList","@id":"https:\/\/naturelegance.com.br\/produto\/nutren-senior-sabor-baunilha-740g-suplemento-em-po-nestle\/#breadcrumb","itemListElement":[{"@type":"ListItem","position":1,"name":"Home","item":"https:\/\/naturelegance.com.br\/"},{"@type":"ListItem","position":2,"name":"Loja","item":"https:\/\/naturelegance.com.br\/loja\/"},{"@type":"ListItem","position":3,"name":"Nutren Senior sabor baunilha 740g &#8211; suplemento em p\u00f3 &#8211; Nestl\u00e9"}]},{"@type":"WebSite","@id":"https:\/\/naturelegance.com.br\/#website","url":"https:\/\/naturelegance.com.br\/","name":"Natur \u00c9l\u00e9gance","description":"Produto de sa\u00fade e beleza","publisher":{"@id":"https:\/\/naturelegance.com.br\/#organization"},"potentialAction":[{"@type":"SearchAction","target":{"@type":"EntryPoint","urlTemplate":"https:\/\/naturelegance.com.br\/?s={search_term_string}"},"query-input":{"@type":"PropertyValueSpecification","valueRequired":true,"valueName":"search_term_string"}}],"inLanguage":"en-US"},{"@type":"Organization","@id":"https:\/\/naturelegance.com.br\/#organization","name":"Natur \u00c9l\u00e9gance","url":"https:\/\/naturelegance.com.br\/","logo":{"@type":"ImageObject","inLanguage":"en-US","@id":"https:\/\/naturelegance.com.br\/#\/schema\/logo\/image\/","url":"https:\/\/naturelegance.com.br\/wp-content\/uploads\/2026\/04\/cropped-file_00000000045c71f5bcf5b5b2271a815d.png","contentUrl":"https:\/\/naturelegance.com.br\/wp-content\/uploads\/2026\/04\/cropped-file_00000000045c71f5bcf5b5b2271a815d.png","width":721,"height":435,"caption":"Natur \u00c9l\u00e9gance"},"image":{"@id":"https:\/\/naturelegance.com.br\/#\/schema\/logo\/image\/"}}]}},"jetpack_sharing_enabled":true,"_links":{"self":[{"href":"https:\/\/naturelegance.com.br\/en\/wp-json\/wp\/v2\/product\/2760","targetHints":{"allow":["GET"]}}],"collection":[{"href":"https:\/\/naturelegance.com.br\/en\/wp-json\/wp\/v2\/product"}],"about":[{"href":"https:\/\/naturelegance.com.br\/en\/wp-json\/wp\/v2\/types\/product"}],"wp:featuredmedia":[{"embeddable":true,"href":"https:\/\/naturelegance.com.br\/en\/wp-json\/wp\/v2\/media\/2761"}],"wp:attachment":[{"href":"https:\/\/naturelegance.com.br\/en\/wp-json\/wp\/v2\/media?parent=2760"}],"wp:term":[{"taxonomy":"product_brand","embeddable":true,"href":"https:\/\/naturelegance.com.br\/en\/wp-json\/wp\/v2\/product_brand?post=2760"},{"taxonomy":"product_cat","embeddable":true,"href":"https:\/\/naturelegance.com.br\/en\/wp-json\/wp\/v2\/product_cat?post=2760"},{"taxonomy":"product_tag","embeddable":true,"href":"https:\/\/naturelegance.com.br\/en\/wp-json\/wp\/v2\/product_tag?post=2760"}],"curies":[{"name":"wp","href":"https:\/\/api.w.org\/{rel}","templated":true}]}}