{"id":2238,"date":"2026-02-24T20:50:16","date_gmt":"2026-02-24T20:50:16","guid":{"rendered":"https:\/\/naturelegance.com\/?post_type=product&#038;p=2238"},"modified":"2026-02-24T20:50:16","modified_gmt":"2026-02-24T20:50:16","slug":"bruna-tavares-bt-blush-contour-5g","status":"publish","type":"product","link":"https:\/\/naturelegance.com.br\/en\/product\/bruna-tavares-bt-blush-contour-5g\/","title":{"rendered":"Bruna Tavares BT Blush Contour 5g"},"content":{"rendered":"<h2 data-path-to-node=\"3\"><b data-path-to-node=\"3\" data-index-in-node=\"0\">O PODER DA DEFINI\u00c7\u00c3O: BT Blush Contour Bruna Tavares \u2013 O Segredo do Rosto Esculpido e Natural!<\/b> \ud83c\udfa8\u2728<\/h2>\n<p data-path-to-node=\"4\">Sabe aquele contorno que parece uma sombra natural do seu rosto e n\u00e3o uma mancha de maquiagem? O <b data-path-to-node=\"4\" data-index-in-node=\"97\">BT Blush Contour<\/b> foi criado pela Bruna Tavares exatamente para entregar esse efeito. Com uma textura aveludada e tons frios\/neutros (fundamentais para um contorno realista), ele permite que voc\u00ea esculpa, defina e traga profundidade ao rosto de forma profissional e sofisticada.<\/p>\n<p data-path-to-node=\"5\">Ele \u00e9 o queridinho das maquiadoras porque, embora seja super pigmentado, ele possui uma tecnologia que permite &#8220;esfumar&#8221; com extrema facilidade, sem deixar marca\u00e7\u00f5es.<\/p>\n<h3 data-path-to-node=\"6\"><b data-path-to-node=\"6\" data-index-in-node=\"0\">\ud83d\udc8e Por que o BT Blush Contour \u00e9 o favorito para o dia a dia?<\/b><\/h3>\n<ul data-path-to-node=\"7\">\n<li>\n<p data-path-to-node=\"7,0,0\"><b data-path-to-node=\"7,0,0\" data-index-in-node=\"0\">Pigmenta\u00e7\u00e3o sob Medida:<\/b> Cores ricas que entregam resultado logo na primeira pincelada, mas que permitem construir camadas.<\/p>\n<\/li>\n<li>\n<p data-path-to-node=\"7,1,0\"><b data-path-to-node=\"7,1,0\" data-index-in-node=\"0\">Textura Micronizada:<\/b> O p\u00f3 \u00e9 t\u00e3o fino que se funde \u00e0 pele, garantindo um acabamento matte aveludado que dura o dia todo.<\/p>\n<\/li>\n<li>\n<p data-path-to-node=\"7,2,0\"><b data-path-to-node=\"7,2,0\" data-index-in-node=\"0\">Tons Estrat\u00e9gicos:<\/b> Diferente de bronzers alaranjados, os tons de contorno da BT mimetizam as sombras reais do rosto humano.<\/p>\n<\/li>\n<li>\n<p data-path-to-node=\"7,3,0\"><b data-path-to-node=\"7,3,0\" data-index-in-node=\"0\">Multifuncional:<\/b> Perfeito para contornar as ma\u00e7\u00e3s, o nariz, o maxilar e at\u00e9 para ser usado como sombra nos olhos para um look monocrom\u00e1tico chic.<\/p>\n<\/li>\n<\/ul>\n<hr data-path-to-node=\"8\" \/>\n<h3 data-path-to-node=\"9\"><b data-path-to-node=\"9\" data-index-in-node=\"0\">\ud83d\ude80 O que voc\u00ea ganha com o BT Blush Contour:<\/b><\/h3>\n<ol start=\"1\" data-path-to-node=\"10\">\n<li>\n<p data-path-to-node=\"10,0,0\"><b data-path-to-node=\"10,0,0\" data-index-in-node=\"0\">Rosto Definido:<\/b> Real\u00e7a suas melhores caracter\u00edsticas e ajuda a disfar\u00e7ar o que voc\u00ea deseja com eleg\u00e2ncia.<\/p>\n<\/li>\n<li>\n<p data-path-to-node=\"10,1,0\"><b data-path-to-node=\"10,1,0\" data-index-in-node=\"0\">Facilidade na Aplica\u00e7\u00e3o:<\/b> N\u00e3o mancha! Mesmo que voc\u00ea seja iniciante, o p\u00f3 desliza e esfuma sem esfor\u00e7o.<\/p>\n<\/li>\n<li>\n<p data-path-to-node=\"10,2,0\"><b data-path-to-node=\"10,2,0\" data-index-in-node=\"0\">Longa Dura\u00e7\u00e3o:<\/b> F\u00f3rmula de alta fixa\u00e7\u00e3o que mant\u00e9m o contorno no lugar sem desbotar ao longo das horas.<\/p>\n<\/li>\n<li>\n<p data-path-to-node=\"10,3,0\"><b data-path-to-node=\"10,3,0\" data-index-in-node=\"0\">Enriquecido com Vitamina E:<\/b> Cuida da sua pele enquanto voc\u00ea est\u00e1 maquiada, oferecendo a\u00e7\u00e3o antioxidante.<\/p>\n<\/li>\n<\/ol>\n<hr data-path-to-node=\"11\" \/>\n<h3 data-path-to-node=\"12\"><b data-path-to-node=\"12\" data-index-in-node=\"0\">\ud83d\udccb Ficha T\u00e9cnica e Diferenciais:<\/b><\/h3>\n<ul data-path-to-node=\"13\">\n<li>\n<p data-path-to-node=\"13,0,0\"><b data-path-to-node=\"13,0,0\" data-index-in-node=\"0\">Peso:<\/b> 5g (Compacto e potente).<\/p>\n<\/li>\n<li>\n<p data-path-to-node=\"13,1,0\"><b data-path-to-node=\"13,1,0\" data-index-in-node=\"0\">Acabamento:<\/b> Matte absoluto (sem brilho).<\/p>\n<\/li>\n<li>\n<p data-path-to-node=\"13,2,0\"><b data-path-to-node=\"13,2,0\" data-index-in-node=\"0\">Livre de Parabenos:<\/b> F\u00f3rmula segura e testada.<\/p>\n<\/li>\n<li>\n<p data-path-to-node=\"13,3,0\"><b data-path-to-node=\"13,3,0\" data-index-in-node=\"0\">Vegano e Cruelty-Free:<\/b> \u00c9tica e beleza lado a lado.<\/p>\n<\/li>\n<li>\n<p data-path-to-node=\"13,4,0\"><b data-path-to-node=\"13,4,0\" data-index-in-node=\"0\">Embalagem Luxo:<\/b> Resistente e com espelho interno, ideal para retoques r\u00e1pidos em qualquer lugar.<\/p>\n<\/li>\n<\/ul>\n<hr data-path-to-node=\"14\" \/>\n<h3 data-path-to-node=\"15\"><b data-path-to-node=\"15\" data-index-in-node=\"0\">\ud83d\udca1 Dica de Maquiador:<\/b><\/h3>\n<p data-path-to-node=\"16\">Para um efeito de &#8220;Lifting&#8221; imediato, aplique o <b data-path-to-node=\"16\" data-index-in-node=\"48\">BT Blush Contour<\/b> na diagonal, partindo do topo da orelha em dire\u00e7\u00e3o ao canto da boca (parando dois dedos antes). Use um pincel chanfrado e sempre &#8220;tire o excesso&#8221; de produto no dorso da m\u00e3o antes de levar ao rosto. O segredo do contorno perfeito \u00e9 o esfumado!<\/p>\n<blockquote data-path-to-node=\"17\">\n<p data-path-to-node=\"17,0\"><b data-path-to-node=\"17,0\" data-index-in-node=\"0\">O Veridito:<\/b> O BT Blush Contour \u00e9 essencial para quem busca uma maquiagem polida e bem acabada. \u00c9 a diferen\u00e7a entre uma &#8220;maquiagem plana&#8221; e um rosto com dimens\u00f5es real\u00e7adas e apar\u00eancia de capa de revista.<\/p>\n<\/blockquote>\n<hr data-path-to-node=\"18\" \/>\n<p data-path-to-node=\"19\"><b data-path-to-node=\"19\" data-index-in-node=\"0\">\u23f3 ESCULPA SUA MELHOR VERS\u00c3O: Escolha seu tom favorito (Brown Sugar, Choco Dream, Taupe Chic&#8230;) e garanta o contorno dos sonhos agora mesmo!<\/b><\/p>","protected":false},"excerpt":{"rendered":"<p data-path-to-node=\"4\">O <b data-path-to-node=\"4\" data-index-in-node=\"97\">BT Blush Contour<\/b> foi criado pela Bruna Tavares exatamente para entregar esse efeito. Com uma textura aveludada e tons frios\/neutros (fundamentais para um contorno realista), ele permite que voc\u00ea esculpa, defina e traga profundidade ao rosto de forma profissional e sofisticada.<\/p>\n<p data-path-to-node=\"5\">Ele \u00e9 o queridinho das maquiadoras porque, embora seja super pigmentado, ele possui uma tecnologia que permite &#8220;esfumar&#8221; com extrema facilidade, sem deixar marca\u00e7\u00f5es.<\/p>","protected":false},"featured_media":2239,"template":"","meta":[],"product_brand":[],"product_cat":[68,31],"product_tag":[],"class_list":{"0":"post-2238","1":"product","2":"type-product","3":"status-publish","4":"has-post-thumbnail","6":"product_cat-maquiagem","7":"product_cat-rosto","9":"first","10":"instock","11":"shipping-taxable","12":"product-type-external"},"yoast_head":"<!-- This site is optimized with the Yoast SEO plugin v27.6 - https:\/\/yoast.com\/product\/yoast-seo-wordpress\/ -->\n<title>Bruna Tavares BT Blush Contour 5g - Natur \u00c9l\u00e9gance<\/title>\n<meta name=\"robots\" content=\"index, follow, max-snippet:-1, max-image-preview:large, max-video-preview:-1\" \/>\n<link rel=\"canonical\" href=\"https:\/\/naturelegance.com.br\/en\/product\/bruna-tavares-bt-blush-contour-5g\/\" \/>\n<meta property=\"og:locale\" content=\"en_US\" \/>\n<meta property=\"og:type\" content=\"article\" \/>\n<meta property=\"og:title\" content=\"Bruna Tavares BT Blush Contour 5g - Natur \u00c9l\u00e9gance\" \/>\n<meta property=\"og:description\" content=\"O BT Blush Contour foi criado pela Bruna Tavares exatamente para entregar esse efeito. Com uma textura aveludada e tons frios\/neutros (fundamentais para um contorno realista), ele permite que voc\u00ea esculpa, defina e traga profundidade ao rosto de forma profissional e sofisticada. Ele \u00e9 o queridinho das maquiadoras porque, embora seja super pigmentado, ele possui uma tecnologia que permite &quot;esfumar&quot; com extrema facilidade, sem deixar marca\u00e7\u00f5es.\" \/>\n<meta property=\"og:url\" content=\"https:\/\/naturelegance.com.br\/en\/product\/bruna-tavares-bt-blush-contour-5g\/\" \/>\n<meta property=\"og:site_name\" content=\"Natur \u00c9l\u00e9gance\" \/>\n<meta property=\"og:image\" content=\"https:\/\/naturelegance.com.br\/wp-content\/uploads\/2026\/02\/Design-sem-nome-2026-02-24T174803.775.png\" \/>\n\t<meta property=\"og:image:width\" content=\"800\" \/>\n\t<meta property=\"og:image:height\" content=\"800\" \/>\n\t<meta property=\"og:image:type\" content=\"image\/png\" \/>\n<meta name=\"twitter:card\" content=\"summary_large_image\" \/>\n<meta name=\"twitter:label1\" content=\"Est. reading time\" \/>\n\t<meta name=\"twitter:data1\" content=\"2 minutes\" \/>\n<script type=\"application\/ld+json\" class=\"yoast-schema-graph\">{\"@context\":\"https:\\\/\\\/schema.org\",\"@graph\":[{\"@type\":\"WebPage\",\"@id\":\"https:\\\/\\\/naturelegance.com.br\\\/produto\\\/bruna-tavares-bt-blush-contour-5g\\\/\",\"url\":\"https:\\\/\\\/naturelegance.com.br\\\/produto\\\/bruna-tavares-bt-blush-contour-5g\\\/\",\"name\":\"Bruna Tavares BT Blush Contour 5g - Natur \u00c9l\u00e9gance\",\"isPartOf\":{\"@id\":\"https:\\\/\\\/naturelegance.com.br\\\/#website\"},\"primaryImageOfPage\":{\"@id\":\"https:\\\/\\\/naturelegance.com.br\\\/produto\\\/bruna-tavares-bt-blush-contour-5g\\\/#primaryimage\"},\"image\":{\"@id\":\"https:\\\/\\\/naturelegance.com.br\\\/produto\\\/bruna-tavares-bt-blush-contour-5g\\\/#primaryimage\"},\"thumbnailUrl\":\"https:\\\/\\\/naturelegance.com.br\\\/wp-content\\\/uploads\\\/2026\\\/02\\\/Design-sem-nome-2026-02-24T174803.775.png\",\"datePublished\":\"2026-02-24T20:50:16+00:00\",\"breadcrumb\":{\"@id\":\"https:\\\/\\\/naturelegance.com.br\\\/produto\\\/bruna-tavares-bt-blush-contour-5g\\\/#breadcrumb\"},\"inLanguage\":\"en-US\",\"potentialAction\":[{\"@type\":\"ReadAction\",\"target\":[\"https:\\\/\\\/naturelegance.com.br\\\/produto\\\/bruna-tavares-bt-blush-contour-5g\\\/\"]}]},{\"@type\":\"ImageObject\",\"inLanguage\":\"en-US\",\"@id\":\"https:\\\/\\\/naturelegance.com.br\\\/produto\\\/bruna-tavares-bt-blush-contour-5g\\\/#primaryimage\",\"url\":\"https:\\\/\\\/naturelegance.com.br\\\/wp-content\\\/uploads\\\/2026\\\/02\\\/Design-sem-nome-2026-02-24T174803.775.png\",\"contentUrl\":\"https:\\\/\\\/naturelegance.com.br\\\/wp-content\\\/uploads\\\/2026\\\/02\\\/Design-sem-nome-2026-02-24T174803.775.png\",\"width\":800,\"height\":800},{\"@type\":\"BreadcrumbList\",\"@id\":\"https:\\\/\\\/naturelegance.com.br\\\/produto\\\/bruna-tavares-bt-blush-contour-5g\\\/#breadcrumb\",\"itemListElement\":[{\"@type\":\"ListItem\",\"position\":1,\"name\":\"Home\",\"item\":\"https:\\\/\\\/naturelegance.com.br\\\/\"},{\"@type\":\"ListItem\",\"position\":2,\"name\":\"Loja\",\"item\":\"https:\\\/\\\/naturelegance.com.br\\\/loja\\\/\"},{\"@type\":\"ListItem\",\"position\":3,\"name\":\"Bruna Tavares BT Blush Contour 5g\"}]},{\"@type\":\"WebSite\",\"@id\":\"https:\\\/\\\/naturelegance.com.br\\\/#website\",\"url\":\"https:\\\/\\\/naturelegance.com.br\\\/\",\"name\":\"Natur \u00c9l\u00e9gance\",\"description\":\"Produto de sa\u00fade e beleza\",\"publisher\":{\"@id\":\"https:\\\/\\\/naturelegance.com.br\\\/#organization\"},\"potentialAction\":[{\"@type\":\"SearchAction\",\"target\":{\"@type\":\"EntryPoint\",\"urlTemplate\":\"https:\\\/\\\/naturelegance.com.br\\\/?s={search_term_string}\"},\"query-input\":{\"@type\":\"PropertyValueSpecification\",\"valueRequired\":true,\"valueName\":\"search_term_string\"}}],\"inLanguage\":\"en-US\"},{\"@type\":\"Organization\",\"@id\":\"https:\\\/\\\/naturelegance.com.br\\\/#organization\",\"name\":\"Natur \u00c9l\u00e9gance\",\"url\":\"https:\\\/\\\/naturelegance.com.br\\\/\",\"logo\":{\"@type\":\"ImageObject\",\"inLanguage\":\"en-US\",\"@id\":\"https:\\\/\\\/naturelegance.com.br\\\/#\\\/schema\\\/logo\\\/image\\\/\",\"url\":\"https:\\\/\\\/naturelegance.com.br\\\/wp-content\\\/uploads\\\/2026\\\/04\\\/cropped-file_00000000045c71f5bcf5b5b2271a815d.png\",\"contentUrl\":\"https:\\\/\\\/naturelegance.com.br\\\/wp-content\\\/uploads\\\/2026\\\/04\\\/cropped-file_00000000045c71f5bcf5b5b2271a815d.png\",\"width\":721,\"height\":435,\"caption\":\"Natur \u00c9l\u00e9gance\"},\"image\":{\"@id\":\"https:\\\/\\\/naturelegance.com.br\\\/#\\\/schema\\\/logo\\\/image\\\/\"}}]}<\/script>\n<!-- \/ Yoast SEO plugin. -->","yoast_head_json":{"title":"Bruna Tavares BT Blush Contour 5g - Natur \u00c9l\u00e9gance","robots":{"index":"index","follow":"follow","max-snippet":"max-snippet:-1","max-image-preview":"max-image-preview:large","max-video-preview":"max-video-preview:-1"},"canonical":"https:\/\/naturelegance.com.br\/en\/product\/bruna-tavares-bt-blush-contour-5g\/","og_locale":"en_US","og_type":"article","og_title":"Bruna Tavares BT Blush Contour 5g - Natur \u00c9l\u00e9gance","og_description":"O BT Blush Contour foi criado pela Bruna Tavares exatamente para entregar esse efeito. Com uma textura aveludada e tons frios\/neutros (fundamentais para um contorno realista), ele permite que voc\u00ea esculpa, defina e traga profundidade ao rosto de forma profissional e sofisticada. Ele \u00e9 o queridinho das maquiadoras porque, embora seja super pigmentado, ele possui uma tecnologia que permite \"esfumar\" com extrema facilidade, sem deixar marca\u00e7\u00f5es.","og_url":"https:\/\/naturelegance.com.br\/en\/product\/bruna-tavares-bt-blush-contour-5g\/","og_site_name":"Natur \u00c9l\u00e9gance","og_image":[{"width":800,"height":800,"url":"https:\/\/naturelegance.com.br\/wp-content\/uploads\/2026\/02\/Design-sem-nome-2026-02-24T174803.775.png","type":"image\/png"}],"twitter_card":"summary_large_image","twitter_misc":{"Est. reading time":"2 minutes"},"schema":{"@context":"https:\/\/schema.org","@graph":[{"@type":"WebPage","@id":"https:\/\/naturelegance.com.br\/produto\/bruna-tavares-bt-blush-contour-5g\/","url":"https:\/\/naturelegance.com.br\/produto\/bruna-tavares-bt-blush-contour-5g\/","name":"Bruna Tavares BT Blush Contour 5g - Natur \u00c9l\u00e9gance","isPartOf":{"@id":"https:\/\/naturelegance.com.br\/#website"},"primaryImageOfPage":{"@id":"https:\/\/naturelegance.com.br\/produto\/bruna-tavares-bt-blush-contour-5g\/#primaryimage"},"image":{"@id":"https:\/\/naturelegance.com.br\/produto\/bruna-tavares-bt-blush-contour-5g\/#primaryimage"},"thumbnailUrl":"https:\/\/naturelegance.com.br\/wp-content\/uploads\/2026\/02\/Design-sem-nome-2026-02-24T174803.775.png","datePublished":"2026-02-24T20:50:16+00:00","breadcrumb":{"@id":"https:\/\/naturelegance.com.br\/produto\/bruna-tavares-bt-blush-contour-5g\/#breadcrumb"},"inLanguage":"en-US","potentialAction":[{"@type":"ReadAction","target":["https:\/\/naturelegance.com.br\/produto\/bruna-tavares-bt-blush-contour-5g\/"]}]},{"@type":"ImageObject","inLanguage":"en-US","@id":"https:\/\/naturelegance.com.br\/produto\/bruna-tavares-bt-blush-contour-5g\/#primaryimage","url":"https:\/\/naturelegance.com.br\/wp-content\/uploads\/2026\/02\/Design-sem-nome-2026-02-24T174803.775.png","contentUrl":"https:\/\/naturelegance.com.br\/wp-content\/uploads\/2026\/02\/Design-sem-nome-2026-02-24T174803.775.png","width":800,"height":800},{"@type":"BreadcrumbList","@id":"https:\/\/naturelegance.com.br\/produto\/bruna-tavares-bt-blush-contour-5g\/#breadcrumb","itemListElement":[{"@type":"ListItem","position":1,"name":"Home","item":"https:\/\/naturelegance.com.br\/"},{"@type":"ListItem","position":2,"name":"Loja","item":"https:\/\/naturelegance.com.br\/loja\/"},{"@type":"ListItem","position":3,"name":"Bruna Tavares BT Blush Contour 5g"}]},{"@type":"WebSite","@id":"https:\/\/naturelegance.com.br\/#website","url":"https:\/\/naturelegance.com.br\/","name":"Natur \u00c9l\u00e9gance","description":"Produto de sa\u00fade e beleza","publisher":{"@id":"https:\/\/naturelegance.com.br\/#organization"},"potentialAction":[{"@type":"SearchAction","target":{"@type":"EntryPoint","urlTemplate":"https:\/\/naturelegance.com.br\/?s={search_term_string}"},"query-input":{"@type":"PropertyValueSpecification","valueRequired":true,"valueName":"search_term_string"}}],"inLanguage":"en-US"},{"@type":"Organization","@id":"https:\/\/naturelegance.com.br\/#organization","name":"Natur \u00c9l\u00e9gance","url":"https:\/\/naturelegance.com.br\/","logo":{"@type":"ImageObject","inLanguage":"en-US","@id":"https:\/\/naturelegance.com.br\/#\/schema\/logo\/image\/","url":"https:\/\/naturelegance.com.br\/wp-content\/uploads\/2026\/04\/cropped-file_00000000045c71f5bcf5b5b2271a815d.png","contentUrl":"https:\/\/naturelegance.com.br\/wp-content\/uploads\/2026\/04\/cropped-file_00000000045c71f5bcf5b5b2271a815d.png","width":721,"height":435,"caption":"Natur \u00c9l\u00e9gance"},"image":{"@id":"https:\/\/naturelegance.com.br\/#\/schema\/logo\/image\/"}}]}},"jetpack_sharing_enabled":true,"_links":{"self":[{"href":"https:\/\/naturelegance.com.br\/en\/wp-json\/wp\/v2\/product\/2238","targetHints":{"allow":["GET"]}}],"collection":[{"href":"https:\/\/naturelegance.com.br\/en\/wp-json\/wp\/v2\/product"}],"about":[{"href":"https:\/\/naturelegance.com.br\/en\/wp-json\/wp\/v2\/types\/product"}],"wp:featuredmedia":[{"embeddable":true,"href":"https:\/\/naturelegance.com.br\/en\/wp-json\/wp\/v2\/media\/2239"}],"wp:attachment":[{"href":"https:\/\/naturelegance.com.br\/en\/wp-json\/wp\/v2\/media?parent=2238"}],"wp:term":[{"taxonomy":"product_brand","embeddable":true,"href":"https:\/\/naturelegance.com.br\/en\/wp-json\/wp\/v2\/product_brand?post=2238"},{"taxonomy":"product_cat","embeddable":true,"href":"https:\/\/naturelegance.com.br\/en\/wp-json\/wp\/v2\/product_cat?post=2238"},{"taxonomy":"product_tag","embeddable":true,"href":"https:\/\/naturelegance.com.br\/en\/wp-json\/wp\/v2\/product_tag?post=2238"}],"curies":[{"name":"wp","href":"https:\/\/api.w.org\/{rel}","templated":true}]}}