{"id":2005,"date":"2026-02-23T16:48:50","date_gmt":"2026-02-23T16:48:50","guid":{"rendered":"https:\/\/naturelegance.com\/?post_type=product&#038;p=2005"},"modified":"2026-02-23T16:48:50","modified_gmt":"2026-02-23T16:48:50","slug":"digital-pro-kiwify-por-janley-soares","status":"publish","type":"product","link":"https:\/\/naturelegance.com.br\/en\/product\/digital-pro-kiwify-por-janley-soares\/","title":{"rendered":"Digital PRO Kiwify Por Janley Soares"},"content":{"rendered":"<h2 data-path-to-node=\"3\"><b data-path-to-node=\"3\" data-index-in-node=\"0\">SAIA DO ZERO E VIVA DO DIGITAL: O M\u00e9todo definitivo de Janley Soares para lucrar na Kiwify!<\/b> \ud83d\ude80<\/h2>\n<p data-path-to-node=\"4\">Voc\u00ea est\u00e1 cansado de ver pessoas faturando alto na internet enquanto voc\u00ea apenas assiste? O <b data-path-to-node=\"4\" data-index-in-node=\"92\">Digital PRO<\/b>, criado por <b data-path-to-node=\"4\" data-index-in-node=\"116\">Janley Soares<\/b>, \u00e9 o treinamento que separa os curiosos dos profissionais. Esque\u00e7a estrat\u00e9gias ultrapassadas; aqui voc\u00ea vai aprender o caminho exato para construir um neg\u00f3cio s\u00f3lido, lucrativo e escal\u00e1vel dentro da <b data-path-to-node=\"4\" data-index-in-node=\"329\">Kiwify<\/b>, a plataforma que mais cresce no Brasil.<\/p>\n<p data-path-to-node=\"5\">Janley Soares condensou anos de experi\u00eancia em um m\u00e9todo &#8220;m\u00e3o na massa&#8221;, focado em quem quer resultados reais, sem precisar ser um expert em tecnologia ou marketing.<\/p>\n<h3 data-path-to-node=\"6\"><b data-path-to-node=\"6\" data-index-in-node=\"0\">\ud83d\udc8e Por que o Digital PRO \u00e9 o seu pr\u00f3ximo passo para a liberdade?<\/b><\/h3>\n<ul data-path-to-node=\"7\">\n<li>\n<p data-path-to-node=\"7,0,0\"><b data-path-to-node=\"7,0,0\" data-index-in-node=\"0\">M\u00e9todo \u00c0 Prova de Falhas:<\/b> Um passo a passo do absoluto zero at\u00e9 as suas primeiras vendas e, o mais importante, a const\u00e2ncia de faturamento.<\/p>\n<\/li>\n<li>\n<p data-path-to-node=\"7,1,0\"><b data-path-to-node=\"7,1,0\" data-index-in-node=\"0\">Foco na Pr\u00e1tica:<\/b> Sem teorias chatas. Voc\u00ea aprende a montar sua estrutura, escolher produtos vencedores e atrair clientes qualificados que j\u00e1 querem comprar.<\/p>\n<\/li>\n<li>\n<p data-path-to-node=\"7,2,0\"><b data-path-to-node=\"7,2,0\" data-index-in-node=\"0\">Domine o Tr\u00e1fego e a Convers\u00e3o:<\/b> Janley revela como dominar as ferramentas de vendas para que o seu neg\u00f3cio rode de forma autom\u00e1tica.<\/p>\n<\/li>\n<li>\n<p data-path-to-node=\"7,3,0\"><b data-path-to-node=\"7,3,0\" data-index-in-node=\"0\">Suporte e Comunidade:<\/b> Voc\u00ea n\u00e3o estar\u00e1 sozinho. O Digital PRO oferece o acompanhamento necess\u00e1rio para que voc\u00ea supere qualquer obst\u00e1culo t\u00e9cnico ou estrat\u00e9gico.<\/p>\n<\/li>\n<\/ul>\n<hr data-path-to-node=\"8\" \/>\n<h3 data-path-to-node=\"9\"><b data-path-to-node=\"9\" data-index-in-node=\"0\">\ud83d\ude80 O que voc\u00ea vai dominar dentro do Digital PRO:<\/b><\/h3>\n<ol start=\"1\" data-path-to-node=\"10\">\n<li>\n<p data-path-to-node=\"10,0,0\"><b data-path-to-node=\"10,0,0\" data-index-in-node=\"0\">Mentalidade Blindada:<\/b> Prepare sua mente para o sucesso e evite os erros que fazem 90% dos iniciantes desistirem.<\/p>\n<\/li>\n<li>\n<p data-path-to-node=\"10,1,0\"><b data-path-to-node=\"10,1,0\" data-index-in-node=\"0\">Estrutura de Vendas Autom\u00e1tica:<\/b> Como configurar seu ecossistema na Kiwify para vender enquanto voc\u00ea dorme ou viaja.<\/p>\n<\/li>\n<li>\n<p data-path-to-node=\"10,2,0\"><b data-path-to-node=\"10,2,0\" data-index-in-node=\"0\">Cria\u00e7\u00e3o de Ofertas Irresist\u00edveis:<\/b> O segredo para fazer as pessoas implorarem pelo seu link de afiliado ou pelo seu produto.<\/p>\n<\/li>\n<li>\n<p data-path-to-node=\"10,3,0\"><b data-path-to-node=\"10,3,0\" data-index-in-node=\"0\">Escala de Lucro:<\/b> Saia dos R$ 100 por dia e aprenda a escalar para faturamentos que mudam vidas.<\/p>\n<\/li>\n<\/ol>\n<hr data-path-to-node=\"11\" \/>\n<h3 data-path-to-node=\"12\"><b data-path-to-node=\"12\" data-index-in-node=\"0\">\ud83d\udccb Para quem \u00e9 o Digital PRO?<\/b><\/h3>\n<ul data-path-to-node=\"13\">\n<li>\n<p data-path-to-node=\"13,0,0\">Para quem quer uma <b data-path-to-node=\"13,0,0\" data-index-in-node=\"19\">renda extra<\/b> ou transformar o digital em sua <b data-path-to-node=\"13,0,0\" data-index-in-node=\"63\">profiss\u00e3o principal<\/b>.<\/p>\n<\/li>\n<li>\n<p data-path-to-node=\"13,1,0\">Para quem busca <b data-path-to-node=\"13,1,0\" data-index-in-node=\"16\">liberdade de tempo e geogr\u00e1fica<\/b>.<\/p>\n<\/li>\n<li>\n<p data-path-to-node=\"13,2,0\">Para quem j\u00e1 tentou de tudo e ainda n\u00e3o viu a cor do dinheiro na Kiwify.<\/p>\n<\/li>\n<\/ul>\n<blockquote data-path-to-node=\"14\">\n<p data-path-to-node=\"14,0\"><b data-path-to-node=\"14,0\" data-index-in-node=\"0\">O Veridito:<\/b> Janley Soares n\u00e3o entrega apenas um curso, ele entrega a chave para a sua independ\u00eancia financeira. O mercado digital n\u00e3o espera pelos indecisos.<\/p>\n<\/blockquote>\n<hr data-path-to-node=\"15\" \/>\n<p data-path-to-node=\"16\"><b data-path-to-node=\"16\" data-index-in-node=\"0\">\u23f3 A sua nova vida come\u00e7a com uma decis\u00e3o. Garanta sua vaga no Digital PRO e comece a construir seu imp\u00e9rio na Kiwify hoje mesmo!<\/b><\/p>","protected":false},"excerpt":{"rendered":"<p data-path-to-node=\"0\">Aqui est\u00e1 uma descri\u00e7\u00e3o direta, focada em &#8220;dor e solu\u00e7\u00e3o&#8221;, ideal para an\u00fancios ou bio de vendas:<\/p>\n<hr data-path-to-node=\"1\" \/>\n<h2 data-path-to-node=\"2\"><b data-path-to-node=\"2\" data-index-in-node=\"0\">PARE DE &#8220;TENTAR&#8221; VENDER: Domine a Kiwify com o M\u00e9todo PRO de Janley Soares!<\/b> \ud83d\udcb8<\/h2>\n<p data-path-to-node=\"3\">Cansado de ver notifica\u00e7\u00f5es de vendas apenas no celular dos outros? O <b data-path-to-node=\"3\" data-index-in-node=\"70\">Digital PRO<\/b> \u00e9 o divisor de \u00e1guas que transforma iniciantes em profissionais do mercado digital. <b data-path-to-node=\"3\" data-index-in-node=\"166\">Janley Soares<\/b> abre o jogo e entrega o mapa exato para voc\u00ea construir uma estrutura lucrativa na Kiwify, focada em vendas di\u00e1rias e escala real.<\/p>\n<p data-path-to-node=\"4\">Aqui n\u00e3o tem m\u00e1gica, tem <b data-path-to-node=\"4\" data-index-in-node=\"25\">m\u00e9todo validado<\/b>. Voc\u00ea vai aprender a identificar produtos vencedores, atrair tr\u00e1fego qualificado e converter desconhecidos em clientes fi\u00e9is.<\/p>\n<h3 data-path-to-node=\"5\"><b data-path-to-node=\"5\" data-index-in-node=\"0\">Por que o Digital PRO \u00e9 para voc\u00ea?<\/b><\/h3>\n<ul data-path-to-node=\"6\">\n<li>\n<p data-path-to-node=\"6,0,0\"><b data-path-to-node=\"6,0,0\" data-index-in-node=\"0\">Direto ao Ponto:<\/b> Sem enrola\u00e7\u00e3o t\u00e9cnica. Do zero \u00e0s primeiras vendas com rapidez.<\/p>\n<\/li>\n<li>\n<p data-path-to-node=\"6,1,0\"><b data-path-to-node=\"6,1,0\" data-index-in-node=\"0\">Escal\u00e1vel:<\/b> Estrat\u00e9gias para sair da renda extra e construir um imp\u00e9rio digital.<\/p>\n<\/li>\n<li>\n<p data-path-to-node=\"6,2,0\"><b data-path-to-node=\"6,2,0\" data-index-in-node=\"0\">Liberdade Real:<\/b> Aprenda a criar um neg\u00f3cio que trabalha por voc\u00ea, onde quer que voc\u00ea esteja.<\/p>\n<\/li>\n<\/ul>\n<blockquote data-path-to-node=\"7\">\n<p data-path-to-node=\"7,0\"><b data-path-to-node=\"7,0\" data-index-in-node=\"0\">O Veridito:<\/b> O mercado digital premia quem tem o m\u00e9todo certo. Pare de dar murro em ponta de faca e siga quem j\u00e1 chegou l\u00e1.<\/p>\n<\/blockquote>\n<p data-path-to-node=\"7,0\">\u00a0<a href=\"https:\/\/kiwify.app\/9k0oN16?afid=YEKsnIzN\"> \u00a0Clique aqui para ver a p\u00e1gina do curso\u00a0<\/a><\/p>","protected":false},"featured_media":2006,"template":"","meta":[],"product_brand":[],"product_cat":[66],"product_tag":[],"class_list":{"0":"post-2005","1":"product","2":"type-product","3":"status-publish","4":"has-post-thumbnail","6":"product_cat-cursos-premium","8":"first","9":"instock","10":"shipping-taxable","11":"product-type-external"},"yoast_head":"<!-- This site is optimized with the Yoast SEO plugin v27.6 - https:\/\/yoast.com\/product\/yoast-seo-wordpress\/ -->\n<title>Digital PRO Kiwify Por Janley Soares - Natur \u00c9l\u00e9gance<\/title>\n<meta name=\"robots\" content=\"index, follow, max-snippet:-1, max-image-preview:large, max-video-preview:-1\" \/>\n<link rel=\"canonical\" href=\"https:\/\/naturelegance.com.br\/en\/product\/digital-pro-kiwify-por-janley-soares\/\" \/>\n<meta property=\"og:locale\" content=\"en_US\" \/>\n<meta property=\"og:type\" content=\"article\" \/>\n<meta property=\"og:title\" content=\"Digital PRO Kiwify Por Janley Soares - Natur \u00c9l\u00e9gance\" \/>\n<meta property=\"og:description\" content=\"Aqui est\u00e1 uma descri\u00e7\u00e3o direta, focada em &quot;dor e solu\u00e7\u00e3o&quot;, ideal para an\u00fancios ou bio de vendas:     PARE DE &quot;TENTAR&quot; VENDER: Domine a Kiwify com o M\u00e9todo PRO de Janley Soares! \ud83d\udcb8 Cansado de ver notifica\u00e7\u00f5es de vendas apenas no celular dos outros? O Digital PRO \u00e9 o divisor de \u00e1guas que transforma iniciantes em profissionais do mercado digital. Janley Soares abre o jogo e entrega o mapa exato para voc\u00ea construir uma estrutura lucrativa na Kiwify, focada em vendas di\u00e1rias e escala real. Aqui n\u00e3o tem m\u00e1gica, tem m\u00e9todo validado. Voc\u00ea vai aprender a identificar produtos vencedores, atrair tr\u00e1fego qualificado e converter desconhecidos em clientes fi\u00e9is.  Por que o Digital PRO \u00e9 para voc\u00ea?    Direto ao Ponto: Sem enrola\u00e7\u00e3o t\u00e9cnica. Do zero \u00e0s primeiras vendas com rapidez.    Escal\u00e1vel: Estrat\u00e9gias para sair da renda extra e construir um imp\u00e9rio digital.    Liberdade Real: Aprenda a criar um neg\u00f3cio que trabalha por voc\u00ea, onde quer que voc\u00ea esteja.    O Veridito: O mercado digital premia quem tem o m\u00e9todo certo. Pare de dar murro em ponta de faca e siga quem j\u00e1 chegou l\u00e1.  \u00a0 \u00a0Clique aqui para ver a p\u00e1gina do curso\u00a0\" \/>\n<meta property=\"og:url\" content=\"https:\/\/naturelegance.com.br\/en\/product\/digital-pro-kiwify-por-janley-soares\/\" \/>\n<meta property=\"og:site_name\" content=\"Natur \u00c9l\u00e9gance\" \/>\n<meta property=\"og:image\" content=\"https:\/\/naturelegance.com.br\/wp-content\/uploads\/2026\/02\/Design-sem-nome-4-2.png\" \/>\n\t<meta property=\"og:image:width\" content=\"800\" \/>\n\t<meta property=\"og:image:height\" content=\"800\" \/>\n\t<meta property=\"og:image:type\" content=\"image\/png\" \/>\n<meta name=\"twitter:card\" content=\"summary_large_image\" \/>\n<meta name=\"twitter:label1\" content=\"Est. reading time\" \/>\n\t<meta name=\"twitter:data1\" content=\"2 minutes\" \/>\n<script type=\"application\/ld+json\" class=\"yoast-schema-graph\">{\"@context\":\"https:\\\/\\\/schema.org\",\"@graph\":[{\"@type\":\"WebPage\",\"@id\":\"https:\\\/\\\/naturelegance.com.br\\\/produto\\\/digital-pro-kiwify-por-janley-soares\\\/\",\"url\":\"https:\\\/\\\/naturelegance.com.br\\\/produto\\\/digital-pro-kiwify-por-janley-soares\\\/\",\"name\":\"Digital PRO Kiwify Por Janley Soares - Natur \u00c9l\u00e9gance\",\"isPartOf\":{\"@id\":\"https:\\\/\\\/naturelegance.com.br\\\/#website\"},\"primaryImageOfPage\":{\"@id\":\"https:\\\/\\\/naturelegance.com.br\\\/produto\\\/digital-pro-kiwify-por-janley-soares\\\/#primaryimage\"},\"image\":{\"@id\":\"https:\\\/\\\/naturelegance.com.br\\\/produto\\\/digital-pro-kiwify-por-janley-soares\\\/#primaryimage\"},\"thumbnailUrl\":\"https:\\\/\\\/naturelegance.com.br\\\/wp-content\\\/uploads\\\/2026\\\/02\\\/Design-sem-nome-4-2.png\",\"datePublished\":\"2026-02-23T16:48:50+00:00\",\"breadcrumb\":{\"@id\":\"https:\\\/\\\/naturelegance.com.br\\\/produto\\\/digital-pro-kiwify-por-janley-soares\\\/#breadcrumb\"},\"inLanguage\":\"en-US\",\"potentialAction\":[{\"@type\":\"ReadAction\",\"target\":[\"https:\\\/\\\/naturelegance.com.br\\\/produto\\\/digital-pro-kiwify-por-janley-soares\\\/\"]}]},{\"@type\":\"ImageObject\",\"inLanguage\":\"en-US\",\"@id\":\"https:\\\/\\\/naturelegance.com.br\\\/produto\\\/digital-pro-kiwify-por-janley-soares\\\/#primaryimage\",\"url\":\"https:\\\/\\\/naturelegance.com.br\\\/wp-content\\\/uploads\\\/2026\\\/02\\\/Design-sem-nome-4-2.png\",\"contentUrl\":\"https:\\\/\\\/naturelegance.com.br\\\/wp-content\\\/uploads\\\/2026\\\/02\\\/Design-sem-nome-4-2.png\",\"width\":800,\"height\":800},{\"@type\":\"BreadcrumbList\",\"@id\":\"https:\\\/\\\/naturelegance.com.br\\\/produto\\\/digital-pro-kiwify-por-janley-soares\\\/#breadcrumb\",\"itemListElement\":[{\"@type\":\"ListItem\",\"position\":1,\"name\":\"Home\",\"item\":\"https:\\\/\\\/naturelegance.com.br\\\/\"},{\"@type\":\"ListItem\",\"position\":2,\"name\":\"Loja\",\"item\":\"https:\\\/\\\/naturelegance.com.br\\\/loja\\\/\"},{\"@type\":\"ListItem\",\"position\":3,\"name\":\"Digital PRO Kiwify Por Janley Soares\"}]},{\"@type\":\"WebSite\",\"@id\":\"https:\\\/\\\/naturelegance.com.br\\\/#website\",\"url\":\"https:\\\/\\\/naturelegance.com.br\\\/\",\"name\":\"Natur \u00c9l\u00e9gance\",\"description\":\"Produto de sa\u00fade e beleza\",\"publisher\":{\"@id\":\"https:\\\/\\\/naturelegance.com.br\\\/#organization\"},\"potentialAction\":[{\"@type\":\"SearchAction\",\"target\":{\"@type\":\"EntryPoint\",\"urlTemplate\":\"https:\\\/\\\/naturelegance.com.br\\\/?s={search_term_string}\"},\"query-input\":{\"@type\":\"PropertyValueSpecification\",\"valueRequired\":true,\"valueName\":\"search_term_string\"}}],\"inLanguage\":\"en-US\"},{\"@type\":\"Organization\",\"@id\":\"https:\\\/\\\/naturelegance.com.br\\\/#organization\",\"name\":\"Natur \u00c9l\u00e9gance\",\"url\":\"https:\\\/\\\/naturelegance.com.br\\\/\",\"logo\":{\"@type\":\"ImageObject\",\"inLanguage\":\"en-US\",\"@id\":\"https:\\\/\\\/naturelegance.com.br\\\/#\\\/schema\\\/logo\\\/image\\\/\",\"url\":\"https:\\\/\\\/naturelegance.com.br\\\/wp-content\\\/uploads\\\/2026\\\/04\\\/cropped-file_00000000045c71f5bcf5b5b2271a815d.png\",\"contentUrl\":\"https:\\\/\\\/naturelegance.com.br\\\/wp-content\\\/uploads\\\/2026\\\/04\\\/cropped-file_00000000045c71f5bcf5b5b2271a815d.png\",\"width\":721,\"height\":435,\"caption\":\"Natur \u00c9l\u00e9gance\"},\"image\":{\"@id\":\"https:\\\/\\\/naturelegance.com.br\\\/#\\\/schema\\\/logo\\\/image\\\/\"}}]}<\/script>\n<!-- \/ Yoast SEO plugin. -->","yoast_head_json":{"title":"Digital PRO Kiwify Por Janley Soares - Natur \u00c9l\u00e9gance","robots":{"index":"index","follow":"follow","max-snippet":"max-snippet:-1","max-image-preview":"max-image-preview:large","max-video-preview":"max-video-preview:-1"},"canonical":"https:\/\/naturelegance.com.br\/en\/product\/digital-pro-kiwify-por-janley-soares\/","og_locale":"en_US","og_type":"article","og_title":"Digital PRO Kiwify Por Janley Soares - Natur \u00c9l\u00e9gance","og_description":"Aqui est\u00e1 uma descri\u00e7\u00e3o direta, focada em \"dor e solu\u00e7\u00e3o\", ideal para an\u00fancios ou bio de vendas:     PARE DE \"TENTAR\" VENDER: Domine a Kiwify com o M\u00e9todo PRO de Janley Soares! \ud83d\udcb8 Cansado de ver notifica\u00e7\u00f5es de vendas apenas no celular dos outros? O Digital PRO \u00e9 o divisor de \u00e1guas que transforma iniciantes em profissionais do mercado digital. Janley Soares abre o jogo e entrega o mapa exato para voc\u00ea construir uma estrutura lucrativa na Kiwify, focada em vendas di\u00e1rias e escala real. Aqui n\u00e3o tem m\u00e1gica, tem m\u00e9todo validado. Voc\u00ea vai aprender a identificar produtos vencedores, atrair tr\u00e1fego qualificado e converter desconhecidos em clientes fi\u00e9is.  Por que o Digital PRO \u00e9 para voc\u00ea?    Direto ao Ponto: Sem enrola\u00e7\u00e3o t\u00e9cnica. Do zero \u00e0s primeiras vendas com rapidez.    Escal\u00e1vel: Estrat\u00e9gias para sair da renda extra e construir um imp\u00e9rio digital.    Liberdade Real: Aprenda a criar um neg\u00f3cio que trabalha por voc\u00ea, onde quer que voc\u00ea esteja.    O Veridito: O mercado digital premia quem tem o m\u00e9todo certo. Pare de dar murro em ponta de faca e siga quem j\u00e1 chegou l\u00e1.  \u00a0 \u00a0Clique aqui para ver a p\u00e1gina do curso\u00a0","og_url":"https:\/\/naturelegance.com.br\/en\/product\/digital-pro-kiwify-por-janley-soares\/","og_site_name":"Natur \u00c9l\u00e9gance","og_image":[{"width":800,"height":800,"url":"https:\/\/naturelegance.com.br\/wp-content\/uploads\/2026\/02\/Design-sem-nome-4-2.png","type":"image\/png"}],"twitter_card":"summary_large_image","twitter_misc":{"Est. reading time":"2 minutes"},"schema":{"@context":"https:\/\/schema.org","@graph":[{"@type":"WebPage","@id":"https:\/\/naturelegance.com.br\/produto\/digital-pro-kiwify-por-janley-soares\/","url":"https:\/\/naturelegance.com.br\/produto\/digital-pro-kiwify-por-janley-soares\/","name":"Digital PRO Kiwify Por Janley Soares - Natur \u00c9l\u00e9gance","isPartOf":{"@id":"https:\/\/naturelegance.com.br\/#website"},"primaryImageOfPage":{"@id":"https:\/\/naturelegance.com.br\/produto\/digital-pro-kiwify-por-janley-soares\/#primaryimage"},"image":{"@id":"https:\/\/naturelegance.com.br\/produto\/digital-pro-kiwify-por-janley-soares\/#primaryimage"},"thumbnailUrl":"https:\/\/naturelegance.com.br\/wp-content\/uploads\/2026\/02\/Design-sem-nome-4-2.png","datePublished":"2026-02-23T16:48:50+00:00","breadcrumb":{"@id":"https:\/\/naturelegance.com.br\/produto\/digital-pro-kiwify-por-janley-soares\/#breadcrumb"},"inLanguage":"en-US","potentialAction":[{"@type":"ReadAction","target":["https:\/\/naturelegance.com.br\/produto\/digital-pro-kiwify-por-janley-soares\/"]}]},{"@type":"ImageObject","inLanguage":"en-US","@id":"https:\/\/naturelegance.com.br\/produto\/digital-pro-kiwify-por-janley-soares\/#primaryimage","url":"https:\/\/naturelegance.com.br\/wp-content\/uploads\/2026\/02\/Design-sem-nome-4-2.png","contentUrl":"https:\/\/naturelegance.com.br\/wp-content\/uploads\/2026\/02\/Design-sem-nome-4-2.png","width":800,"height":800},{"@type":"BreadcrumbList","@id":"https:\/\/naturelegance.com.br\/produto\/digital-pro-kiwify-por-janley-soares\/#breadcrumb","itemListElement":[{"@type":"ListItem","position":1,"name":"Home","item":"https:\/\/naturelegance.com.br\/"},{"@type":"ListItem","position":2,"name":"Loja","item":"https:\/\/naturelegance.com.br\/loja\/"},{"@type":"ListItem","position":3,"name":"Digital PRO Kiwify Por Janley Soares"}]},{"@type":"WebSite","@id":"https:\/\/naturelegance.com.br\/#website","url":"https:\/\/naturelegance.com.br\/","name":"Natur \u00c9l\u00e9gance","description":"Produto de sa\u00fade e beleza","publisher":{"@id":"https:\/\/naturelegance.com.br\/#organization"},"potentialAction":[{"@type":"SearchAction","target":{"@type":"EntryPoint","urlTemplate":"https:\/\/naturelegance.com.br\/?s={search_term_string}"},"query-input":{"@type":"PropertyValueSpecification","valueRequired":true,"valueName":"search_term_string"}}],"inLanguage":"en-US"},{"@type":"Organization","@id":"https:\/\/naturelegance.com.br\/#organization","name":"Natur \u00c9l\u00e9gance","url":"https:\/\/naturelegance.com.br\/","logo":{"@type":"ImageObject","inLanguage":"en-US","@id":"https:\/\/naturelegance.com.br\/#\/schema\/logo\/image\/","url":"https:\/\/naturelegance.com.br\/wp-content\/uploads\/2026\/04\/cropped-file_00000000045c71f5bcf5b5b2271a815d.png","contentUrl":"https:\/\/naturelegance.com.br\/wp-content\/uploads\/2026\/04\/cropped-file_00000000045c71f5bcf5b5b2271a815d.png","width":721,"height":435,"caption":"Natur \u00c9l\u00e9gance"},"image":{"@id":"https:\/\/naturelegance.com.br\/#\/schema\/logo\/image\/"}}]}},"jetpack_sharing_enabled":true,"_links":{"self":[{"href":"https:\/\/naturelegance.com.br\/en\/wp-json\/wp\/v2\/product\/2005","targetHints":{"allow":["GET"]}}],"collection":[{"href":"https:\/\/naturelegance.com.br\/en\/wp-json\/wp\/v2\/product"}],"about":[{"href":"https:\/\/naturelegance.com.br\/en\/wp-json\/wp\/v2\/types\/product"}],"wp:featuredmedia":[{"embeddable":true,"href":"https:\/\/naturelegance.com.br\/en\/wp-json\/wp\/v2\/media\/2006"}],"wp:attachment":[{"href":"https:\/\/naturelegance.com.br\/en\/wp-json\/wp\/v2\/media?parent=2005"}],"wp:term":[{"taxonomy":"product_brand","embeddable":true,"href":"https:\/\/naturelegance.com.br\/en\/wp-json\/wp\/v2\/product_brand?post=2005"},{"taxonomy":"product_cat","embeddable":true,"href":"https:\/\/naturelegance.com.br\/en\/wp-json\/wp\/v2\/product_cat?post=2005"},{"taxonomy":"product_tag","embeddable":true,"href":"https:\/\/naturelegance.com.br\/en\/wp-json\/wp\/v2\/product_tag?post=2005"}],"curies":[{"name":"wp","href":"https:\/\/api.w.org\/{rel}","templated":true}]}}