{"id":1865,"date":"2026-02-23T14:20:57","date_gmt":"2026-02-23T14:20:57","guid":{"rendered":"https:\/\/naturelegance.com\/?post_type=product&#038;p=1865"},"modified":"2026-02-23T14:20:57","modified_gmt":"2026-02-23T14:20:57","slug":"kit-combo-3-caixas-sabonete-tododia-com-5-unidades-90g","status":"publish","type":"product","link":"https:\/\/naturelegance.com.br\/en\/product\/kit-combo-3-caixas-sabonete-tododia-com-5-unidades-90g\/","title":{"rendered":"Kit Combo 3 Caixas Sabonete Tododia Com 5 Unidades 90g"},"content":{"rendered":"<h2 data-path-to-node=\"3\">\ud83c\udf38 Combo Fam\u00edlia Natura Tododia: 15 Momentos de Puro Cuidado e Perfume<\/h2>\n<p data-path-to-node=\"4\">Por que levar apenas uma caixa se voc\u00ea pode garantir o <b data-path-to-node=\"4\" data-index-in-node=\"55\">melhor custo-benef\u00edcio<\/b> para o seu dia a dia? O nosso <b data-path-to-node=\"4\" data-index-in-node=\"108\">Combo 3 Caixas de Sabonetes Natura Tododia<\/b> \u00e9 a solu\u00e7\u00e3o perfeita para quem n\u00e3o abre m\u00e3o de uma pele macia, perfumada e bem cuidada.<\/p>\n<p data-path-to-node=\"5\">Com este kit, voc\u00ea leva <b data-path-to-node=\"5\" data-index-in-node=\"24\">15 unidades<\/b> de 90g cada, garantindo que o seu ritual de banho \u2014 e o de toda a sua fam\u00edlia \u2014 seja transformado em uma experi\u00eancia de spa por muito mais tempo.<\/p>\n<h3 data-path-to-node=\"6\">\u2728 Por que garantir este Combo de 3 Caixas?<\/h3>\n<ul data-path-to-node=\"7\">\n<li>\n<p data-path-to-node=\"7,0,0\"><b data-path-to-node=\"7,0,0\" data-index-in-node=\"0\">Estoque Inteligente:<\/b> Nunca mais seja pego de surpresa com a saboneteira vazia. Tenha sempre suas fragr\u00e2ncias favoritas \u00e0 disposi\u00e7\u00e3o.<\/p>\n<\/li>\n<li>\n<p data-path-to-node=\"7,1,0\"><b data-path-to-node=\"7,1,0\" data-index-in-node=\"0\">Economia Real:<\/b> Comprando o combo, voc\u00ea garante um pre\u00e7o por unidade muito mais atrativo do que na compra individual.<\/p>\n<\/li>\n<li>\n<p data-path-to-node=\"7,2,0\"><b data-path-to-node=\"7,2,0\" data-index-in-node=\"0\">Variedade de Fragr\u00e2ncias:<\/b> Experimente o melhor da Natura! O combo pode incluir os sucessos de venda como Algod\u00e3o, Macad\u00e2mia, Framboesa e Pimenta Rosa, entre outros.<\/p>\n<\/li>\n<li>\n<p data-path-to-node=\"7,3,0\"><b data-path-to-node=\"7,3,0\" data-index-in-node=\"0\">F\u00f3rmula 100% Vegetal:<\/b> Limpeza profunda que n\u00e3o agride a pele, mantendo a hidrata\u00e7\u00e3o natural e proporcionando uma espuma cremosa inesquec\u00edvel.<\/p>\n<\/li>\n<\/ul>\n<hr data-path-to-node=\"8\" \/>\n<h3 data-path-to-node=\"9\">\ud83d\ude80 O Combo que resolve sua rotina (e seus presentes!):<\/h3>\n<ol start=\"1\" data-path-to-node=\"10\">\n<li>\n<p data-path-to-node=\"10,0,0\"><b data-path-to-node=\"10,0,0\" data-index-in-node=\"0\">Presente de \u00daltima Hora:<\/b> Com 15 sabonetes, voc\u00ea sempre ter\u00e1 um &#8220;mimo&#8221; sofisticado para oferecer em anivers\u00e1rios, visitas ou agradecimentos.<\/p>\n<\/li>\n<li>\n<p data-path-to-node=\"10,1,0\"><b data-path-to-node=\"10,1,0\" data-index-in-node=\"0\">Perfume em Toda a Casa:<\/b> Al\u00e9m do banho, muitas clientes utilizam os sabonetes Tododia para perfumar gavetas e arm\u00e1rios devido \u00e0 alta concentra\u00e7\u00e3o de fragr\u00e2ncia.<\/p>\n<\/li>\n<li>\n<p data-path-to-node=\"10,2,0\"><b data-path-to-node=\"10,2,0\" data-index-in-node=\"0\">Banho Relaxante para a Fam\u00edlia Toda:<\/b> A f\u00f3rmula \u00e9 gentil o suficiente para todas as idades, deixando a pele de todos sedosa e cheirosa.<\/p>\n<\/li>\n<li>\n<p data-path-to-node=\"10,3,0\"><b data-path-to-node=\"10,3,0\" data-index-in-node=\"0\">Qualidade Natura Reconhecida:<\/b> Presenteie-se com a marca l\u00edder em cuidados pessoais, sin\u00f4nimo de bem-estar e respeito \u00e0 natureza.<\/p>\n<\/li>\n<\/ol>\n<hr data-path-to-node=\"11\" \/>\n<h3 data-path-to-node=\"12\">\ud83d\udccb O que voc\u00ea recebe:<\/h3>\n<ul data-path-to-node=\"13\">\n<li>\n<p data-path-to-node=\"13,0,0\"><b data-path-to-node=\"13,0,0\" data-index-in-node=\"0\">Quantidade:<\/b> 3 Caixas de Sabonetes em Barra Natura Tododia.<\/p>\n<\/li>\n<li>\n<p data-path-to-node=\"13,1,0\"><b data-path-to-node=\"13,1,0\" data-index-in-node=\"0\">Conte\u00fado Total:<\/b> 15 Sabonetes de 90g cada (5 por caixa).<\/p>\n<\/li>\n<li>\n<p data-path-to-node=\"13,2,0\"><b data-path-to-node=\"13,2,0\" data-index-in-node=\"0\">Fragr\u00e2ncias:<\/b> Conforme disponibilidade (sortidas ou espec\u00edficas \u2014 verifique a varia\u00e7\u00e3o selecionada).<\/p>\n<\/li>\n<li>\n<p data-path-to-node=\"13,3,0\"><b data-path-to-node=\"13,3,0\" data-index-in-node=\"0\">Diferencial:<\/b> Base vegetal, livre de gordura animal.<\/p>\n<\/li>\n<\/ul>\n<hr data-path-to-node=\"14\" \/>\n<h3 data-path-to-node=\"15\">\ud83d\udca1 Dica de Economia:<\/h3>\n<p data-path-to-node=\"16\">Este combo \u00e9 ideal para quem gosta de se organizar. Divida as caixas entre os banheiros da casa ou guarde-as para montar kits de presente personalizados com hidratantes e toalhas. \u00c9 a forma mais inteligente de comprar Natura!<\/p>\n<blockquote data-path-to-node=\"17\">\n<p data-path-to-node=\"17,0\"><b data-path-to-node=\"17,0\" data-index-in-node=\"0\">O Veridito:<\/b> Praticidade para a rotina, carinho para a pele e economia para o bolso.<\/p>\n<\/blockquote>\n<p data-path-to-node=\"18\"><b data-path-to-node=\"18\" data-index-in-node=\"0\">Garanta o seu estoque de bem-estar. Compre o Combo com 3 Caixas e sinta a diferen\u00e7a de um banho Tododia!<\/b><\/p>","protected":false},"excerpt":{"rendered":"<p data-path-to-node=\"4\">O nosso <b data-path-to-node=\"4\" data-index-in-node=\"108\">Combo 3 Caixas de Sabonetes Natura Tododia<\/b> \u00e9 a solu\u00e7\u00e3o perfeita para quem n\u00e3o abre m\u00e3o de uma pele macia, perfumada e bem cuidada.<\/p>\n<p data-path-to-node=\"5\">Com este kit, voc\u00ea leva <b data-path-to-node=\"5\" data-index-in-node=\"24\">15 unidades<\/b> de 90g cada, garantindo que o seu ritual de banho \u2014 e o de toda a sua fam\u00edlia \u2014 seja transformado em uma experi\u00eancia de spa por muito mais tempo.<\/p>","protected":false},"featured_media":1866,"template":"","meta":[],"product_brand":[],"product_cat":[24,67],"product_tag":[],"class_list":{"0":"post-1865","1":"product","2":"type-product","3":"status-publish","4":"has-post-thumbnail","6":"product_cat-corpo-e-banho","7":"product_cat-presentes-e-kits","9":"first","10":"instock","11":"shipping-taxable","12":"product-type-external"},"yoast_head":"<!-- This site is optimized with the Yoast SEO plugin v27.6 - https:\/\/yoast.com\/product\/yoast-seo-wordpress\/ -->\n<title>Kit Combo 3 Caixas Sabonete Tododia Com 5 Unidades 90g - Natur \u00c9l\u00e9gance<\/title>\n<meta name=\"robots\" content=\"index, follow, max-snippet:-1, max-image-preview:large, max-video-preview:-1\" \/>\n<link rel=\"canonical\" href=\"https:\/\/naturelegance.com.br\/en\/product\/kit-combo-3-caixas-sabonete-tododia-com-5-unidades-90g\/\" \/>\n<meta property=\"og:locale\" content=\"en_US\" \/>\n<meta property=\"og:type\" content=\"article\" \/>\n<meta property=\"og:title\" content=\"Kit Combo 3 Caixas Sabonete Tododia Com 5 Unidades 90g - Natur \u00c9l\u00e9gance\" \/>\n<meta property=\"og:description\" content=\"O nosso Combo 3 Caixas de Sabonetes Natura Tododia \u00e9 a solu\u00e7\u00e3o perfeita para quem n\u00e3o abre m\u00e3o de uma pele macia, perfumada e bem cuidada. Com este kit, voc\u00ea leva 15 unidades de 90g cada, garantindo que o seu ritual de banho \u2014 e o de toda a sua fam\u00edlia \u2014 seja transformado em uma experi\u00eancia de spa por muito mais tempo.\" \/>\n<meta property=\"og:url\" content=\"https:\/\/naturelegance.com.br\/en\/product\/kit-combo-3-caixas-sabonete-tododia-com-5-unidades-90g\/\" \/>\n<meta property=\"og:site_name\" content=\"Natur \u00c9l\u00e9gance\" \/>\n<meta property=\"og:image\" content=\"https:\/\/naturelegance.com.br\/wp-content\/uploads\/2026\/02\/Design-sem-nome-10-1.png\" \/>\n\t<meta property=\"og:image:width\" content=\"800\" \/>\n\t<meta property=\"og:image:height\" content=\"800\" \/>\n\t<meta property=\"og:image:type\" content=\"image\/png\" \/>\n<meta name=\"twitter:card\" content=\"summary_large_image\" \/>\n<meta name=\"twitter:label1\" content=\"Est. reading time\" \/>\n\t<meta name=\"twitter:data1\" content=\"2 minutes\" \/>\n<script type=\"application\/ld+json\" class=\"yoast-schema-graph\">{\"@context\":\"https:\\\/\\\/schema.org\",\"@graph\":[{\"@type\":\"WebPage\",\"@id\":\"https:\\\/\\\/naturelegance.com.br\\\/produto\\\/kit-combo-3-caixas-sabonete-tododia-com-5-unidades-90g\\\/\",\"url\":\"https:\\\/\\\/naturelegance.com.br\\\/produto\\\/kit-combo-3-caixas-sabonete-tododia-com-5-unidades-90g\\\/\",\"name\":\"Kit Combo 3 Caixas Sabonete Tododia Com 5 Unidades 90g - Natur \u00c9l\u00e9gance\",\"isPartOf\":{\"@id\":\"https:\\\/\\\/naturelegance.com.br\\\/#website\"},\"primaryImageOfPage\":{\"@id\":\"https:\\\/\\\/naturelegance.com.br\\\/produto\\\/kit-combo-3-caixas-sabonete-tododia-com-5-unidades-90g\\\/#primaryimage\"},\"image\":{\"@id\":\"https:\\\/\\\/naturelegance.com.br\\\/produto\\\/kit-combo-3-caixas-sabonete-tododia-com-5-unidades-90g\\\/#primaryimage\"},\"thumbnailUrl\":\"https:\\\/\\\/naturelegance.com.br\\\/wp-content\\\/uploads\\\/2026\\\/02\\\/Design-sem-nome-10-1.png\",\"datePublished\":\"2026-02-23T14:20:57+00:00\",\"breadcrumb\":{\"@id\":\"https:\\\/\\\/naturelegance.com.br\\\/produto\\\/kit-combo-3-caixas-sabonete-tododia-com-5-unidades-90g\\\/#breadcrumb\"},\"inLanguage\":\"en-US\",\"potentialAction\":[{\"@type\":\"ReadAction\",\"target\":[\"https:\\\/\\\/naturelegance.com.br\\\/produto\\\/kit-combo-3-caixas-sabonete-tododia-com-5-unidades-90g\\\/\"]}]},{\"@type\":\"ImageObject\",\"inLanguage\":\"en-US\",\"@id\":\"https:\\\/\\\/naturelegance.com.br\\\/produto\\\/kit-combo-3-caixas-sabonete-tododia-com-5-unidades-90g\\\/#primaryimage\",\"url\":\"https:\\\/\\\/naturelegance.com.br\\\/wp-content\\\/uploads\\\/2026\\\/02\\\/Design-sem-nome-10-1.png\",\"contentUrl\":\"https:\\\/\\\/naturelegance.com.br\\\/wp-content\\\/uploads\\\/2026\\\/02\\\/Design-sem-nome-10-1.png\",\"width\":800,\"height\":800},{\"@type\":\"BreadcrumbList\",\"@id\":\"https:\\\/\\\/naturelegance.com.br\\\/produto\\\/kit-combo-3-caixas-sabonete-tododia-com-5-unidades-90g\\\/#breadcrumb\",\"itemListElement\":[{\"@type\":\"ListItem\",\"position\":1,\"name\":\"Home\",\"item\":\"https:\\\/\\\/naturelegance.com.br\\\/\"},{\"@type\":\"ListItem\",\"position\":2,\"name\":\"Loja\",\"item\":\"https:\\\/\\\/naturelegance.com.br\\\/loja\\\/\"},{\"@type\":\"ListItem\",\"position\":3,\"name\":\"Kit Combo 3 Caixas Sabonete Tododia Com 5 Unidades 90g\"}]},{\"@type\":\"WebSite\",\"@id\":\"https:\\\/\\\/naturelegance.com.br\\\/#website\",\"url\":\"https:\\\/\\\/naturelegance.com.br\\\/\",\"name\":\"Natur \u00c9l\u00e9gance\",\"description\":\"Produto de sa\u00fade e beleza\",\"publisher\":{\"@id\":\"https:\\\/\\\/naturelegance.com.br\\\/#organization\"},\"potentialAction\":[{\"@type\":\"SearchAction\",\"target\":{\"@type\":\"EntryPoint\",\"urlTemplate\":\"https:\\\/\\\/naturelegance.com.br\\\/?s={search_term_string}\"},\"query-input\":{\"@type\":\"PropertyValueSpecification\",\"valueRequired\":true,\"valueName\":\"search_term_string\"}}],\"inLanguage\":\"en-US\"},{\"@type\":\"Organization\",\"@id\":\"https:\\\/\\\/naturelegance.com.br\\\/#organization\",\"name\":\"Natur \u00c9l\u00e9gance\",\"url\":\"https:\\\/\\\/naturelegance.com.br\\\/\",\"logo\":{\"@type\":\"ImageObject\",\"inLanguage\":\"en-US\",\"@id\":\"https:\\\/\\\/naturelegance.com.br\\\/#\\\/schema\\\/logo\\\/image\\\/\",\"url\":\"https:\\\/\\\/naturelegance.com.br\\\/wp-content\\\/uploads\\\/2026\\\/04\\\/cropped-file_00000000045c71f5bcf5b5b2271a815d.png\",\"contentUrl\":\"https:\\\/\\\/naturelegance.com.br\\\/wp-content\\\/uploads\\\/2026\\\/04\\\/cropped-file_00000000045c71f5bcf5b5b2271a815d.png\",\"width\":721,\"height\":435,\"caption\":\"Natur \u00c9l\u00e9gance\"},\"image\":{\"@id\":\"https:\\\/\\\/naturelegance.com.br\\\/#\\\/schema\\\/logo\\\/image\\\/\"}}]}<\/script>\n<!-- \/ Yoast SEO plugin. -->","yoast_head_json":{"title":"Kit Combo 3 Caixas Sabonete Tododia Com 5 Unidades 90g - Natur \u00c9l\u00e9gance","robots":{"index":"index","follow":"follow","max-snippet":"max-snippet:-1","max-image-preview":"max-image-preview:large","max-video-preview":"max-video-preview:-1"},"canonical":"https:\/\/naturelegance.com.br\/en\/product\/kit-combo-3-caixas-sabonete-tododia-com-5-unidades-90g\/","og_locale":"en_US","og_type":"article","og_title":"Kit Combo 3 Caixas Sabonete Tododia Com 5 Unidades 90g - Natur \u00c9l\u00e9gance","og_description":"O nosso Combo 3 Caixas de Sabonetes Natura Tododia \u00e9 a solu\u00e7\u00e3o perfeita para quem n\u00e3o abre m\u00e3o de uma pele macia, perfumada e bem cuidada. Com este kit, voc\u00ea leva 15 unidades de 90g cada, garantindo que o seu ritual de banho \u2014 e o de toda a sua fam\u00edlia \u2014 seja transformado em uma experi\u00eancia de spa por muito mais tempo.","og_url":"https:\/\/naturelegance.com.br\/en\/product\/kit-combo-3-caixas-sabonete-tododia-com-5-unidades-90g\/","og_site_name":"Natur \u00c9l\u00e9gance","og_image":[{"width":800,"height":800,"url":"https:\/\/naturelegance.com.br\/wp-content\/uploads\/2026\/02\/Design-sem-nome-10-1.png","type":"image\/png"}],"twitter_card":"summary_large_image","twitter_misc":{"Est. reading time":"2 minutes"},"schema":{"@context":"https:\/\/schema.org","@graph":[{"@type":"WebPage","@id":"https:\/\/naturelegance.com.br\/produto\/kit-combo-3-caixas-sabonete-tododia-com-5-unidades-90g\/","url":"https:\/\/naturelegance.com.br\/produto\/kit-combo-3-caixas-sabonete-tododia-com-5-unidades-90g\/","name":"Kit Combo 3 Caixas Sabonete Tododia Com 5 Unidades 90g - Natur \u00c9l\u00e9gance","isPartOf":{"@id":"https:\/\/naturelegance.com.br\/#website"},"primaryImageOfPage":{"@id":"https:\/\/naturelegance.com.br\/produto\/kit-combo-3-caixas-sabonete-tododia-com-5-unidades-90g\/#primaryimage"},"image":{"@id":"https:\/\/naturelegance.com.br\/produto\/kit-combo-3-caixas-sabonete-tododia-com-5-unidades-90g\/#primaryimage"},"thumbnailUrl":"https:\/\/naturelegance.com.br\/wp-content\/uploads\/2026\/02\/Design-sem-nome-10-1.png","datePublished":"2026-02-23T14:20:57+00:00","breadcrumb":{"@id":"https:\/\/naturelegance.com.br\/produto\/kit-combo-3-caixas-sabonete-tododia-com-5-unidades-90g\/#breadcrumb"},"inLanguage":"en-US","potentialAction":[{"@type":"ReadAction","target":["https:\/\/naturelegance.com.br\/produto\/kit-combo-3-caixas-sabonete-tododia-com-5-unidades-90g\/"]}]},{"@type":"ImageObject","inLanguage":"en-US","@id":"https:\/\/naturelegance.com.br\/produto\/kit-combo-3-caixas-sabonete-tododia-com-5-unidades-90g\/#primaryimage","url":"https:\/\/naturelegance.com.br\/wp-content\/uploads\/2026\/02\/Design-sem-nome-10-1.png","contentUrl":"https:\/\/naturelegance.com.br\/wp-content\/uploads\/2026\/02\/Design-sem-nome-10-1.png","width":800,"height":800},{"@type":"BreadcrumbList","@id":"https:\/\/naturelegance.com.br\/produto\/kit-combo-3-caixas-sabonete-tododia-com-5-unidades-90g\/#breadcrumb","itemListElement":[{"@type":"ListItem","position":1,"name":"Home","item":"https:\/\/naturelegance.com.br\/"},{"@type":"ListItem","position":2,"name":"Loja","item":"https:\/\/naturelegance.com.br\/loja\/"},{"@type":"ListItem","position":3,"name":"Kit Combo 3 Caixas Sabonete Tododia Com 5 Unidades 90g"}]},{"@type":"WebSite","@id":"https:\/\/naturelegance.com.br\/#website","url":"https:\/\/naturelegance.com.br\/","name":"Natur \u00c9l\u00e9gance","description":"Produto de sa\u00fade e beleza","publisher":{"@id":"https:\/\/naturelegance.com.br\/#organization"},"potentialAction":[{"@type":"SearchAction","target":{"@type":"EntryPoint","urlTemplate":"https:\/\/naturelegance.com.br\/?s={search_term_string}"},"query-input":{"@type":"PropertyValueSpecification","valueRequired":true,"valueName":"search_term_string"}}],"inLanguage":"en-US"},{"@type":"Organization","@id":"https:\/\/naturelegance.com.br\/#organization","name":"Natur \u00c9l\u00e9gance","url":"https:\/\/naturelegance.com.br\/","logo":{"@type":"ImageObject","inLanguage":"en-US","@id":"https:\/\/naturelegance.com.br\/#\/schema\/logo\/image\/","url":"https:\/\/naturelegance.com.br\/wp-content\/uploads\/2026\/04\/cropped-file_00000000045c71f5bcf5b5b2271a815d.png","contentUrl":"https:\/\/naturelegance.com.br\/wp-content\/uploads\/2026\/04\/cropped-file_00000000045c71f5bcf5b5b2271a815d.png","width":721,"height":435,"caption":"Natur \u00c9l\u00e9gance"},"image":{"@id":"https:\/\/naturelegance.com.br\/#\/schema\/logo\/image\/"}}]}},"jetpack_sharing_enabled":true,"_links":{"self":[{"href":"https:\/\/naturelegance.com.br\/en\/wp-json\/wp\/v2\/product\/1865","targetHints":{"allow":["GET"]}}],"collection":[{"href":"https:\/\/naturelegance.com.br\/en\/wp-json\/wp\/v2\/product"}],"about":[{"href":"https:\/\/naturelegance.com.br\/en\/wp-json\/wp\/v2\/types\/product"}],"wp:featuredmedia":[{"embeddable":true,"href":"https:\/\/naturelegance.com.br\/en\/wp-json\/wp\/v2\/media\/1866"}],"wp:attachment":[{"href":"https:\/\/naturelegance.com.br\/en\/wp-json\/wp\/v2\/media?parent=1865"}],"wp:term":[{"taxonomy":"product_brand","embeddable":true,"href":"https:\/\/naturelegance.com.br\/en\/wp-json\/wp\/v2\/product_brand?post=1865"},{"taxonomy":"product_cat","embeddable":true,"href":"https:\/\/naturelegance.com.br\/en\/wp-json\/wp\/v2\/product_cat?post=1865"},{"taxonomy":"product_tag","embeddable":true,"href":"https:\/\/naturelegance.com.br\/en\/wp-json\/wp\/v2\/product_tag?post=1865"}],"curies":[{"name":"wp","href":"https:\/\/api.w.org\/{rel}","templated":true}]}}