{"id":1123,"date":"2026-02-15T22:33:49","date_gmt":"2026-02-15T22:33:49","guid":{"rendered":"https:\/\/naturelegance.com\/?post_type=product&#038;p=1123"},"modified":"2026-02-15T22:33:49","modified_gmt":"2026-02-15T22:33:49","slug":"curso-de-cutilagem-para-manicures","status":"publish","type":"product","link":"https:\/\/naturelegance.com.br\/en\/product\/curso-de-cutilagem-para-manicures\/","title":{"rendered":"Curso de Cutilagem para Manicures"},"content":{"rendered":"<p class=\"_mb-5\" role=\"paragraph\">Ag\u00eancia especializada no lan\u00e7amento de produtos digitais no mercado brasileiro e internacional, atuando nos modelos de produ\u00e7\u00e3o e co-produ\u00e7\u00e3o.<\/p>\n<p class=\"_mb-5\" role=\"paragraph\">Contamos com audi\u00eancia pr\u00f3pria em mais de 5 pa\u00edses, somando mais de 60 milh\u00f5es de seguidores nas redes sociais, com foco e lideran\u00e7a no mercado de beleza e est\u00e9tica brasileira.<\/p>\n<p class=\"_mb-5\" role=\"paragraph\">Atualmente, nossa principal atua\u00e7\u00e3o \u00e9 na produ\u00e7\u00e3o de conte\u00fado audiovisual, criando materiais originais para os principais canais sociais do momento \u2014 em ordem de relev\u00e2ncia: Facebook (grupos e p\u00e1ginas), Instagram, YouTube e Pinterest.<\/p>\n<p role=\"paragraph\">A nota m\u00e9dia de Curso de Cutilagem para Manicures com Faby Cardoso &#8211; Especializa\u00e7\u00e3o \u00e9 de 4.9 estrelas. Depois de cada compra na Hotmart, voc\u00ea tem a oportunidade de avaliar a qualidade do curso e o seu n\u00edvel de satisfa\u00e7\u00e3o. Com a opini\u00e3o dos compradores, nosso sistema calcula a nota m\u00e9dia e colhemos os coment\u00e1rios que v\u00e3o ajudar outras pessoas no momento da decis\u00e3o de compra.<\/p>","protected":false},"excerpt":{"rendered":"<p class=\"_mb-5\" role=\"paragraph\">1. Acesso a um curso completo e atualizado em cutilagem para manicure e pedicure, com aulas ministradas pela renomada manicure Faby Cardoso.<\/p>\n<p class=\"_mb-5\" role=\"paragraph\">2. Possibilidade de aperfei\u00e7oamento profissional para iniciantes e manicures com dificuldades na t\u00e9cnica de cutilagem.<\/p>\n<p class=\"_mb-5\" role=\"paragraph\">3. Aulas abrangentes que incluem desde a prepara\u00e7\u00e3o das m\u00e3os e dos p\u00e9s at\u00e9 t\u00e9cnicas de decora\u00e7\u00e3o de unhas, como degrad\u00ea e gravatinha.<\/p>\n<p role=\"paragraph\">4. Dicas e truques exclusivos para evitar manchas de esmalte, remover borrados e aplicar adesivos artesanais, al\u00e9m de esfolia\u00e7\u00e3o dos p\u00e9s para um cuidado completo com as unhas e a pele.<\/p>\n<p role=\"paragraph\"><a href=\"https:\/\/go.hotmart.com\/H104468698H?ap=1c6a\">Clique aqui para o Checkout Principal (59 reais)<\/a><\/p>\n<p role=\"paragraph\"><a href=\"https:\/\/go.hotmart.com\/H104468698H?ap=a54e\">Clique aqui para Checkout sem Boleto<\/a><\/p>\n<p role=\"paragraph\"><a href=\"https:\/\/go.hotmart.com\/H104468698H?ap=770a\">Clique aqui para Whatsapp para Atendimento<\/a><\/p>\n<p role=\"paragraph\"><a href=\"https:\/\/go.hotmart.com\/H104468698H?ap=f666\">Clique aqui para Facebook da Faby<\/a><\/p>\n<p role=\"paragraph\"><a href=\"https:\/\/go.hotmart.com\/H104468698H?ap=36b9\">Clique aqui para Instagram da Faby<\/a><\/p>\n<p role=\"paragraph\"><a href=\"https:\/\/go.hotmart.com\/H104468698H?ap=9f1c\">Clique aqui para Youtube da Faby\u00a0<\/a><\/p>\n<p role=\"paragraph\"><a href=\"https:\/\/go.hotmart.com\/H104468698H?ap=c838\">Clique aqui para Checkout R$59 SEM BOLETO<\/a><\/p>\n<p role=\"paragraph\"><a href=\"https:\/\/go.hotmart.com\/H104468698H?ap=bb4c\">Clique aqui para Apostilas de Manicure<\/a><\/p>\n<p role=\"paragraph\"><a href=\"https:\/\/go.hotmart.com\/H104468698H?ap=5f07\">Clique aqui para TODOS OS CURSOS FABY<\/a><\/p>\n<p role=\"paragraph\"><a href=\"https:\/\/go.hotmart.com\/H104468698H?ap=00a8\">Clique aqui para Checkout Secund\u00e1rio Personalizado +9 Apostilas (99 reais)<\/a><\/p>\n<p role=\"paragraph\"><a href=\"https:\/\/go.hotmart.com\/H104468698H?ap=60f4\">Clique aqui para Apostila de Manicure GR\u00c1TIS<\/a><\/p>\n<p role=\"paragraph\"><a href=\"https:\/\/go.hotmart.com\/H104468698H?ap=101e\">Clique aqui para OFERTA 79 CHECKOUT<\/a><\/p>\n<p role=\"paragraph\">\n<p class=\"_mb-5\" role=\"paragraph\">","protected":false},"featured_media":1127,"template":"","meta":[],"product_brand":[],"product_cat":[66],"product_tag":[],"class_list":{"0":"post-1123","1":"product","2":"type-product","3":"status-publish","4":"has-post-thumbnail","6":"product_cat-cursos-premium","8":"first","9":"instock","10":"shipping-taxable","11":"product-type-external"},"yoast_head":"<!-- This site is optimized with the Yoast SEO plugin v27.6 - https:\/\/yoast.com\/product\/yoast-seo-wordpress\/ -->\n<title>Curso de Cutilagem para Manicures - Natur \u00c9l\u00e9gance<\/title>\n<meta name=\"robots\" content=\"index, follow, max-snippet:-1, max-image-preview:large, max-video-preview:-1\" \/>\n<link rel=\"canonical\" href=\"https:\/\/naturelegance.com.br\/en\/product\/curso-de-cutilagem-para-manicures\/\" \/>\n<meta property=\"og:locale\" content=\"en_US\" \/>\n<meta property=\"og:type\" content=\"article\" \/>\n<meta property=\"og:title\" content=\"Curso de Cutilagem para Manicures - Natur \u00c9l\u00e9gance\" \/>\n<meta property=\"og:description\" content=\"1. Acesso a um curso completo e atualizado em cutilagem para manicure e pedicure, com aulas ministradas pela renomada manicure Faby Cardoso. 2. Possibilidade de aperfei\u00e7oamento profissional para iniciantes e manicures com dificuldades na t\u00e9cnica de cutilagem. 3. Aulas abrangentes que incluem desde a prepara\u00e7\u00e3o das m\u00e3os e dos p\u00e9s at\u00e9 t\u00e9cnicas de decora\u00e7\u00e3o de unhas, como degrad\u00ea e gravatinha. 4. Dicas e truques exclusivos para evitar manchas de esmalte, remover borrados e aplicar adesivos artesanais, al\u00e9m de esfolia\u00e7\u00e3o dos p\u00e9s para um cuidado completo com as unhas e a pele. Clique aqui para o Checkout Principal (59 reais) Clique aqui para Checkout sem Boleto Clique aqui para Whatsapp para Atendimento Clique aqui para Facebook da Faby Clique aqui para Instagram da Faby Clique aqui para Youtube da Faby\u00a0 Clique aqui para Checkout R$59 SEM BOLETO Clique aqui para Apostilas de Manicure Clique aqui para TODOS OS CURSOS FABY Clique aqui para Checkout Secund\u00e1rio Personalizado +9 Apostilas (99 reais) Clique aqui para Apostila de Manicure GR\u00c1TIS Clique aqui para OFERTA 79 CHECKOUT\" \/>\n<meta property=\"og:url\" content=\"https:\/\/naturelegance.com.br\/en\/product\/curso-de-cutilagem-para-manicures\/\" \/>\n<meta property=\"og:site_name\" content=\"Natur \u00c9l\u00e9gance\" \/>\n<meta property=\"og:image\" content=\"https:\/\/naturelegance.com.br\/wp-content\/uploads\/2026\/02\/Design-sem-nome-47.png\" \/>\n\t<meta property=\"og:image:width\" content=\"800\" \/>\n\t<meta property=\"og:image:height\" content=\"800\" \/>\n\t<meta property=\"og:image:type\" content=\"image\/png\" \/>\n<meta name=\"twitter:card\" content=\"summary_large_image\" \/>\n<meta name=\"twitter:label1\" content=\"Est. reading time\" \/>\n\t<meta name=\"twitter:data1\" content=\"1 minute\" \/>\n<script type=\"application\/ld+json\" class=\"yoast-schema-graph\">{\"@context\":\"https:\\\/\\\/schema.org\",\"@graph\":[{\"@type\":\"WebPage\",\"@id\":\"https:\\\/\\\/naturelegance.com.br\\\/produto\\\/curso-de-cutilagem-para-manicures\\\/\",\"url\":\"https:\\\/\\\/naturelegance.com.br\\\/produto\\\/curso-de-cutilagem-para-manicures\\\/\",\"name\":\"Curso de Cutilagem para Manicures - Natur \u00c9l\u00e9gance\",\"isPartOf\":{\"@id\":\"https:\\\/\\\/naturelegance.com.br\\\/#website\"},\"primaryImageOfPage\":{\"@id\":\"https:\\\/\\\/naturelegance.com.br\\\/produto\\\/curso-de-cutilagem-para-manicures\\\/#primaryimage\"},\"image\":{\"@id\":\"https:\\\/\\\/naturelegance.com.br\\\/produto\\\/curso-de-cutilagem-para-manicures\\\/#primaryimage\"},\"thumbnailUrl\":\"https:\\\/\\\/naturelegance.com.br\\\/wp-content\\\/uploads\\\/2026\\\/02\\\/Design-sem-nome-47.png\",\"datePublished\":\"2026-02-15T22:33:49+00:00\",\"breadcrumb\":{\"@id\":\"https:\\\/\\\/naturelegance.com.br\\\/produto\\\/curso-de-cutilagem-para-manicures\\\/#breadcrumb\"},\"inLanguage\":\"en-US\",\"potentialAction\":[{\"@type\":\"ReadAction\",\"target\":[\"https:\\\/\\\/naturelegance.com.br\\\/produto\\\/curso-de-cutilagem-para-manicures\\\/\"]}]},{\"@type\":\"ImageObject\",\"inLanguage\":\"en-US\",\"@id\":\"https:\\\/\\\/naturelegance.com.br\\\/produto\\\/curso-de-cutilagem-para-manicures\\\/#primaryimage\",\"url\":\"https:\\\/\\\/naturelegance.com.br\\\/wp-content\\\/uploads\\\/2026\\\/02\\\/Design-sem-nome-47.png\",\"contentUrl\":\"https:\\\/\\\/naturelegance.com.br\\\/wp-content\\\/uploads\\\/2026\\\/02\\\/Design-sem-nome-47.png\",\"width\":800,\"height\":800},{\"@type\":\"BreadcrumbList\",\"@id\":\"https:\\\/\\\/naturelegance.com.br\\\/produto\\\/curso-de-cutilagem-para-manicures\\\/#breadcrumb\",\"itemListElement\":[{\"@type\":\"ListItem\",\"position\":1,\"name\":\"Home\",\"item\":\"https:\\\/\\\/naturelegance.com.br\\\/\"},{\"@type\":\"ListItem\",\"position\":2,\"name\":\"Loja\",\"item\":\"https:\\\/\\\/naturelegance.com.br\\\/loja\\\/\"},{\"@type\":\"ListItem\",\"position\":3,\"name\":\"Curso de Cutilagem para Manicures\"}]},{\"@type\":\"WebSite\",\"@id\":\"https:\\\/\\\/naturelegance.com.br\\\/#website\",\"url\":\"https:\\\/\\\/naturelegance.com.br\\\/\",\"name\":\"Natur \u00c9l\u00e9gance\",\"description\":\"Produto de sa\u00fade e beleza\",\"publisher\":{\"@id\":\"https:\\\/\\\/naturelegance.com.br\\\/#organization\"},\"potentialAction\":[{\"@type\":\"SearchAction\",\"target\":{\"@type\":\"EntryPoint\",\"urlTemplate\":\"https:\\\/\\\/naturelegance.com.br\\\/?s={search_term_string}\"},\"query-input\":{\"@type\":\"PropertyValueSpecification\",\"valueRequired\":true,\"valueName\":\"search_term_string\"}}],\"inLanguage\":\"en-US\"},{\"@type\":\"Organization\",\"@id\":\"https:\\\/\\\/naturelegance.com.br\\\/#organization\",\"name\":\"Natur \u00c9l\u00e9gance\",\"url\":\"https:\\\/\\\/naturelegance.com.br\\\/\",\"logo\":{\"@type\":\"ImageObject\",\"inLanguage\":\"en-US\",\"@id\":\"https:\\\/\\\/naturelegance.com.br\\\/#\\\/schema\\\/logo\\\/image\\\/\",\"url\":\"https:\\\/\\\/naturelegance.com.br\\\/wp-content\\\/uploads\\\/2026\\\/04\\\/cropped-file_00000000045c71f5bcf5b5b2271a815d.png\",\"contentUrl\":\"https:\\\/\\\/naturelegance.com.br\\\/wp-content\\\/uploads\\\/2026\\\/04\\\/cropped-file_00000000045c71f5bcf5b5b2271a815d.png\",\"width\":721,\"height\":435,\"caption\":\"Natur \u00c9l\u00e9gance\"},\"image\":{\"@id\":\"https:\\\/\\\/naturelegance.com.br\\\/#\\\/schema\\\/logo\\\/image\\\/\"}}]}<\/script>\n<!-- \/ Yoast SEO plugin. -->","yoast_head_json":{"title":"Curso de Cutilagem para Manicures - Natur \u00c9l\u00e9gance","robots":{"index":"index","follow":"follow","max-snippet":"max-snippet:-1","max-image-preview":"max-image-preview:large","max-video-preview":"max-video-preview:-1"},"canonical":"https:\/\/naturelegance.com.br\/en\/product\/curso-de-cutilagem-para-manicures\/","og_locale":"en_US","og_type":"article","og_title":"Curso de Cutilagem para Manicures - Natur \u00c9l\u00e9gance","og_description":"1. Acesso a um curso completo e atualizado em cutilagem para manicure e pedicure, com aulas ministradas pela renomada manicure Faby Cardoso. 2. Possibilidade de aperfei\u00e7oamento profissional para iniciantes e manicures com dificuldades na t\u00e9cnica de cutilagem. 3. Aulas abrangentes que incluem desde a prepara\u00e7\u00e3o das m\u00e3os e dos p\u00e9s at\u00e9 t\u00e9cnicas de decora\u00e7\u00e3o de unhas, como degrad\u00ea e gravatinha. 4. Dicas e truques exclusivos para evitar manchas de esmalte, remover borrados e aplicar adesivos artesanais, al\u00e9m de esfolia\u00e7\u00e3o dos p\u00e9s para um cuidado completo com as unhas e a pele. Clique aqui para o Checkout Principal (59 reais) Clique aqui para Checkout sem Boleto Clique aqui para Whatsapp para Atendimento Clique aqui para Facebook da Faby Clique aqui para Instagram da Faby Clique aqui para Youtube da Faby\u00a0 Clique aqui para Checkout R$59 SEM BOLETO Clique aqui para Apostilas de Manicure Clique aqui para TODOS OS CURSOS FABY Clique aqui para Checkout Secund\u00e1rio Personalizado +9 Apostilas (99 reais) Clique aqui para Apostila de Manicure GR\u00c1TIS Clique aqui para OFERTA 79 CHECKOUT","og_url":"https:\/\/naturelegance.com.br\/en\/product\/curso-de-cutilagem-para-manicures\/","og_site_name":"Natur \u00c9l\u00e9gance","og_image":[{"width":800,"height":800,"url":"https:\/\/naturelegance.com.br\/wp-content\/uploads\/2026\/02\/Design-sem-nome-47.png","type":"image\/png"}],"twitter_card":"summary_large_image","twitter_misc":{"Est. reading time":"1 minute"},"schema":{"@context":"https:\/\/schema.org","@graph":[{"@type":"WebPage","@id":"https:\/\/naturelegance.com.br\/produto\/curso-de-cutilagem-para-manicures\/","url":"https:\/\/naturelegance.com.br\/produto\/curso-de-cutilagem-para-manicures\/","name":"Curso de Cutilagem para Manicures - Natur \u00c9l\u00e9gance","isPartOf":{"@id":"https:\/\/naturelegance.com.br\/#website"},"primaryImageOfPage":{"@id":"https:\/\/naturelegance.com.br\/produto\/curso-de-cutilagem-para-manicures\/#primaryimage"},"image":{"@id":"https:\/\/naturelegance.com.br\/produto\/curso-de-cutilagem-para-manicures\/#primaryimage"},"thumbnailUrl":"https:\/\/naturelegance.com.br\/wp-content\/uploads\/2026\/02\/Design-sem-nome-47.png","datePublished":"2026-02-15T22:33:49+00:00","breadcrumb":{"@id":"https:\/\/naturelegance.com.br\/produto\/curso-de-cutilagem-para-manicures\/#breadcrumb"},"inLanguage":"en-US","potentialAction":[{"@type":"ReadAction","target":["https:\/\/naturelegance.com.br\/produto\/curso-de-cutilagem-para-manicures\/"]}]},{"@type":"ImageObject","inLanguage":"en-US","@id":"https:\/\/naturelegance.com.br\/produto\/curso-de-cutilagem-para-manicures\/#primaryimage","url":"https:\/\/naturelegance.com.br\/wp-content\/uploads\/2026\/02\/Design-sem-nome-47.png","contentUrl":"https:\/\/naturelegance.com.br\/wp-content\/uploads\/2026\/02\/Design-sem-nome-47.png","width":800,"height":800},{"@type":"BreadcrumbList","@id":"https:\/\/naturelegance.com.br\/produto\/curso-de-cutilagem-para-manicures\/#breadcrumb","itemListElement":[{"@type":"ListItem","position":1,"name":"Home","item":"https:\/\/naturelegance.com.br\/"},{"@type":"ListItem","position":2,"name":"Loja","item":"https:\/\/naturelegance.com.br\/loja\/"},{"@type":"ListItem","position":3,"name":"Curso de Cutilagem para Manicures"}]},{"@type":"WebSite","@id":"https:\/\/naturelegance.com.br\/#website","url":"https:\/\/naturelegance.com.br\/","name":"Natur \u00c9l\u00e9gance","description":"Produto de sa\u00fade e beleza","publisher":{"@id":"https:\/\/naturelegance.com.br\/#organization"},"potentialAction":[{"@type":"SearchAction","target":{"@type":"EntryPoint","urlTemplate":"https:\/\/naturelegance.com.br\/?s={search_term_string}"},"query-input":{"@type":"PropertyValueSpecification","valueRequired":true,"valueName":"search_term_string"}}],"inLanguage":"en-US"},{"@type":"Organization","@id":"https:\/\/naturelegance.com.br\/#organization","name":"Natur \u00c9l\u00e9gance","url":"https:\/\/naturelegance.com.br\/","logo":{"@type":"ImageObject","inLanguage":"en-US","@id":"https:\/\/naturelegance.com.br\/#\/schema\/logo\/image\/","url":"https:\/\/naturelegance.com.br\/wp-content\/uploads\/2026\/04\/cropped-file_00000000045c71f5bcf5b5b2271a815d.png","contentUrl":"https:\/\/naturelegance.com.br\/wp-content\/uploads\/2026\/04\/cropped-file_00000000045c71f5bcf5b5b2271a815d.png","width":721,"height":435,"caption":"Natur \u00c9l\u00e9gance"},"image":{"@id":"https:\/\/naturelegance.com.br\/#\/schema\/logo\/image\/"}}]}},"jetpack_sharing_enabled":true,"_links":{"self":[{"href":"https:\/\/naturelegance.com.br\/en\/wp-json\/wp\/v2\/product\/1123","targetHints":{"allow":["GET"]}}],"collection":[{"href":"https:\/\/naturelegance.com.br\/en\/wp-json\/wp\/v2\/product"}],"about":[{"href":"https:\/\/naturelegance.com.br\/en\/wp-json\/wp\/v2\/types\/product"}],"wp:featuredmedia":[{"embeddable":true,"href":"https:\/\/naturelegance.com.br\/en\/wp-json\/wp\/v2\/media\/1127"}],"wp:attachment":[{"href":"https:\/\/naturelegance.com.br\/en\/wp-json\/wp\/v2\/media?parent=1123"}],"wp:term":[{"taxonomy":"product_brand","embeddable":true,"href":"https:\/\/naturelegance.com.br\/en\/wp-json\/wp\/v2\/product_brand?post=1123"},{"taxonomy":"product_cat","embeddable":true,"href":"https:\/\/naturelegance.com.br\/en\/wp-json\/wp\/v2\/product_cat?post=1123"},{"taxonomy":"product_tag","embeddable":true,"href":"https:\/\/naturelegance.com.br\/en\/wp-json\/wp\/v2\/product_tag?post=1123"}],"curies":[{"name":"wp","href":"https:\/\/api.w.org\/{rel}","templated":true}]}}