{"id":2834,"date":"2026-04-10T17:55:53","date_gmt":"2026-04-10T17:55:53","guid":{"rendered":"https:\/\/naturelegance.com.br\/?page_id=2834"},"modified":"2026-04-10T18:00:55","modified_gmt":"2026-04-10T18:00:55","slug":"bebes","status":"publish","type":"page","link":"https:\/\/naturelegance.com.br\/en\/bebes\/","title":{"rendered":"Bebes"},"content":{"rendered":"<div data-elementor-type=\"wp-page\" data-elementor-id=\"2834\" class=\"elementor elementor-2834\" data-elementor-post-type=\"page\">\n\t\t\t\t<div class=\"elementor-element elementor-element-c1170de e-flex e-con-boxed e-con e-parent\" data-id=\"c1170de\" data-element_type=\"container\" data-e-type=\"container\">\n\t\t\t\t\t<div class=\"e-con-inner\">\n\t\t\t\t<div class=\"elementor-element elementor-element-eed46fd elementor-grid-5 elementor-grid-tablet-3 elementor-grid-mobile-2 elementor-products-grid elementor-wc-products elementor-show-pagination-border-yes elementor-widget elementor-widget-woocommerce-products\" data-id=\"eed46fd\" data-element_type=\"widget\" data-e-type=\"widget\" data-widget_type=\"woocommerce-products.default\">\n\t\t\t\t<div class=\"elementor-widget-container\">\n\t\t\t\t\t<div class=\"woocommerce columns-5\"><div class=\"woocommerce-notices-wrapper\"><\/div><p class=\"woocommerce-result-count\" role=\"alert\" aria-relevant=\"all\" >\n\tShowing the single result<\/p>\n<ul class=\"products elementor-grid columns-5\">\n<li class=\"product type-product post-2841 status-publish first instock product_cat-bebes product_cat-kids has-post-thumbnail shipping-taxable product-type-external\">\n\t<a href=\"https:\/\/naturelegance.com.br\/en\/product\/lencos-umedecidos-pampers-aroma-de-aloe-vera-192-unidades\/\" class=\"woocommerce-LoopProduct-link woocommerce-loop-product__link\"><img fetchpriority=\"high\" decoding=\"async\" width=\"300\" height=\"300\" src=\"https:\/\/naturelegance.com.br\/wp-content\/uploads\/2026\/04\/D_NQ_NP_2X_881068-MLA100185992729_122025-F-300x300.webp\" class=\"attachment-woocommerce_thumbnail size-woocommerce_thumbnail\" alt=\"Len\u00e7os Umedecidos Pampers Aroma de Aloe Vera, 192 Unidades\" srcset=\"https:\/\/naturelegance.com.br\/wp-content\/uploads\/2026\/04\/D_NQ_NP_2X_881068-MLA100185992729_122025-F-300x300.webp 300w, https:\/\/naturelegance.com.br\/wp-content\/uploads\/2026\/04\/D_NQ_NP_2X_881068-MLA100185992729_122025-F-100x100.webp 100w, https:\/\/naturelegance.com.br\/wp-content\/uploads\/2026\/04\/D_NQ_NP_2X_881068-MLA100185992729_122025-F-150x150.webp 150w\" sizes=\"(max-width: 300px) 100vw, 300px\" \/><h2 class=\"woocommerce-loop-product__title\">Len\u00e7os Umedecidos Pampers Aroma de Aloe Vera, 192 Unidades<\/h2>\n\t<span class=\"price\"><span class=\"woocommerce-Price-amount amount\"><bdi><span class=\"woocommerce-Price-currencySymbol\">&#82;&#36;<\/span>&nbsp;53,47<\/bdi><\/span><\/span>\n<div class=\"review-widget\">\n\t\t\t\t\t\t<ryviu-widget-total class=\"r-show-avg\" collection=\"1\" product_id=\"2841\" handle=\"lencos-umedecidos-pampers-aroma-de-aloe-vera-192-unidades\" reviews_data=\"\"><\/ryviu-widget-total>\n\t\t\t\t\t<\/div><\/a><a href=\"https:\/\/meli.la\/2AGE5Lz\" aria-describedby=\"woocommerce_loop_add_to_cart_link_describedby_2841\" data-quantity=\"1\" class=\"button product_type_external\" data-product_id=\"2841\" data-product_sku=\"\" aria-label=\"Ver oferta no Mercado Livre\" rel=\"nofollow\">Ver oferta no Mercado Livre<\/a>\t<span id=\"woocommerce_loop_add_to_cart_link_describedby_2841\" class=\"screen-reader-text\">\n\t\t\t<\/span>\n<span class=\"gtm4wp_productdata\" style=\"display:none; visibility:hidden;\" data-gtm4wp_product_data=\"{&quot;internal_id&quot;:2841,&quot;item_id&quot;:2841,&quot;item_name&quot;:&quot;Len\\u00e7os Umedecidos Pampers Aroma de Aloe Vera, 192 Unidades&quot;,&quot;sku&quot;:2841,&quot;price&quot;:53.469999999999998863131622783839702606201171875,&quot;stocklevel&quot;:null,&quot;stockstatus&quot;:&quot;instock&quot;,&quot;google_business_vertical&quot;:&quot;retail&quot;,&quot;item_category&quot;:&quot;Bebes&quot;,&quot;id&quot;:2841,&quot;productlink&quot;:&quot;https:\\\/\\\/naturelegance.com.br\\\/en\\\/product\\\/lencos-umedecidos-pampers-aroma-de-aloe-vera-192-unidades\\\/&quot;,&quot;item_list_name&quot;:&quot;General Product List&quot;,&quot;index&quot;:1,&quot;product_type&quot;:&quot;external&quot;,&quot;item_brand&quot;:&quot;&quot;}\"><\/span><\/li>\n<\/ul>\n<\/div>\t\t\t\t<\/div>\n\t\t\t\t<\/div>\n\t\t\t\t\t<\/div>\n\t\t\t\t<\/div>\n\t\t\t\t<\/div>","protected":false},"excerpt":{"rendered":"","protected":false},"author":1,"featured_media":0,"parent":0,"menu_order":0,"comment_status":"closed","ping_status":"closed","template":"","meta":{"footnotes":""},"class_list":["post-2834","page","type-page","status-publish","hentry"],"yoast_head":"<!-- This site is optimized with the Yoast SEO plugin v27.6 - https:\/\/yoast.com\/product\/yoast-seo-wordpress\/ -->\n<title>Bebes - Natur \u00c9l\u00e9gance<\/title>\n<meta name=\"robots\" content=\"index, follow, max-snippet:-1, max-image-preview:large, max-video-preview:-1\" \/>\n<link rel=\"canonical\" href=\"https:\/\/naturelegance.com.br\/en\/bebes\/\" \/>\n<meta property=\"og:locale\" content=\"en_US\" \/>\n<meta property=\"og:type\" content=\"article\" \/>\n<meta property=\"og:title\" content=\"Bebes - Natur \u00c9l\u00e9gance\" \/>\n<meta property=\"og:url\" content=\"https:\/\/naturelegance.com.br\/en\/bebes\/\" \/>\n<meta property=\"og:site_name\" content=\"Natur \u00c9l\u00e9gance\" \/>\n<meta property=\"article:modified_time\" content=\"2026-04-10T18:00:55+00:00\" \/>\n<meta name=\"twitter:card\" content=\"summary_large_image\" \/>\n<script type=\"application\/ld+json\" class=\"yoast-schema-graph\">{\"@context\":\"https:\\\/\\\/schema.org\",\"@graph\":[{\"@type\":\"WebPage\",\"@id\":\"https:\\\/\\\/naturelegance.com.br\\\/bebes\\\/\",\"url\":\"https:\\\/\\\/naturelegance.com.br\\\/bebes\\\/\",\"name\":\"Bebes - Natur \u00c9l\u00e9gance\",\"isPartOf\":{\"@id\":\"https:\\\/\\\/naturelegance.com.br\\\/#website\"},\"datePublished\":\"2026-04-10T17:55:53+00:00\",\"dateModified\":\"2026-04-10T18:00:55+00:00\",\"breadcrumb\":{\"@id\":\"https:\\\/\\\/naturelegance.com.br\\\/bebes\\\/#breadcrumb\"},\"inLanguage\":\"en-US\",\"potentialAction\":[{\"@type\":\"ReadAction\",\"target\":[\"https:\\\/\\\/naturelegance.com.br\\\/bebes\\\/\"]}]},{\"@type\":\"BreadcrumbList\",\"@id\":\"https:\\\/\\\/naturelegance.com.br\\\/bebes\\\/#breadcrumb\",\"itemListElement\":[{\"@type\":\"ListItem\",\"position\":1,\"name\":\"Home\",\"item\":\"https:\\\/\\\/naturelegance.com.br\\\/\"},{\"@type\":\"ListItem\",\"position\":2,\"name\":\"Bebes\"}]},{\"@type\":\"WebSite\",\"@id\":\"https:\\\/\\\/naturelegance.com.br\\\/#website\",\"url\":\"https:\\\/\\\/naturelegance.com.br\\\/\",\"name\":\"Natur \u00c9l\u00e9gance\",\"description\":\"Produto de sa\u00fade e beleza\",\"publisher\":{\"@id\":\"https:\\\/\\\/naturelegance.com.br\\\/#organization\"},\"potentialAction\":[{\"@type\":\"SearchAction\",\"target\":{\"@type\":\"EntryPoint\",\"urlTemplate\":\"https:\\\/\\\/naturelegance.com.br\\\/?s={search_term_string}\"},\"query-input\":{\"@type\":\"PropertyValueSpecification\",\"valueRequired\":true,\"valueName\":\"search_term_string\"}}],\"inLanguage\":\"en-US\"},{\"@type\":\"Organization\",\"@id\":\"https:\\\/\\\/naturelegance.com.br\\\/#organization\",\"name\":\"Natur \u00c9l\u00e9gance\",\"url\":\"https:\\\/\\\/naturelegance.com.br\\\/\",\"logo\":{\"@type\":\"ImageObject\",\"inLanguage\":\"en-US\",\"@id\":\"https:\\\/\\\/naturelegance.com.br\\\/#\\\/schema\\\/logo\\\/image\\\/\",\"url\":\"https:\\\/\\\/naturelegance.com.br\\\/wp-content\\\/uploads\\\/2026\\\/04\\\/cropped-file_00000000045c71f5bcf5b5b2271a815d.png\",\"contentUrl\":\"https:\\\/\\\/naturelegance.com.br\\\/wp-content\\\/uploads\\\/2026\\\/04\\\/cropped-file_00000000045c71f5bcf5b5b2271a815d.png\",\"width\":721,\"height\":435,\"caption\":\"Natur \u00c9l\u00e9gance\"},\"image\":{\"@id\":\"https:\\\/\\\/naturelegance.com.br\\\/#\\\/schema\\\/logo\\\/image\\\/\"}}]}<\/script>\n<!-- \/ Yoast SEO plugin. -->","yoast_head_json":{"title":"Bebes - Natur \u00c9l\u00e9gance","robots":{"index":"index","follow":"follow","max-snippet":"max-snippet:-1","max-image-preview":"max-image-preview:large","max-video-preview":"max-video-preview:-1"},"canonical":"https:\/\/naturelegance.com.br\/en\/bebes\/","og_locale":"en_US","og_type":"article","og_title":"Bebes - Natur \u00c9l\u00e9gance","og_url":"https:\/\/naturelegance.com.br\/en\/bebes\/","og_site_name":"Natur \u00c9l\u00e9gance","article_modified_time":"2026-04-10T18:00:55+00:00","twitter_card":"summary_large_image","schema":{"@context":"https:\/\/schema.org","@graph":[{"@type":"WebPage","@id":"https:\/\/naturelegance.com.br\/bebes\/","url":"https:\/\/naturelegance.com.br\/bebes\/","name":"Bebes - Natur \u00c9l\u00e9gance","isPartOf":{"@id":"https:\/\/naturelegance.com.br\/#website"},"datePublished":"2026-04-10T17:55:53+00:00","dateModified":"2026-04-10T18:00:55+00:00","breadcrumb":{"@id":"https:\/\/naturelegance.com.br\/bebes\/#breadcrumb"},"inLanguage":"en-US","potentialAction":[{"@type":"ReadAction","target":["https:\/\/naturelegance.com.br\/bebes\/"]}]},{"@type":"BreadcrumbList","@id":"https:\/\/naturelegance.com.br\/bebes\/#breadcrumb","itemListElement":[{"@type":"ListItem","position":1,"name":"Home","item":"https:\/\/naturelegance.com.br\/"},{"@type":"ListItem","position":2,"name":"Bebes"}]},{"@type":"WebSite","@id":"https:\/\/naturelegance.com.br\/#website","url":"https:\/\/naturelegance.com.br\/","name":"Natur \u00c9l\u00e9gance","description":"Produto de sa\u00fade e beleza","publisher":{"@id":"https:\/\/naturelegance.com.br\/#organization"},"potentialAction":[{"@type":"SearchAction","target":{"@type":"EntryPoint","urlTemplate":"https:\/\/naturelegance.com.br\/?s={search_term_string}"},"query-input":{"@type":"PropertyValueSpecification","valueRequired":true,"valueName":"search_term_string"}}],"inLanguage":"en-US"},{"@type":"Organization","@id":"https:\/\/naturelegance.com.br\/#organization","name":"Natur \u00c9l\u00e9gance","url":"https:\/\/naturelegance.com.br\/","logo":{"@type":"ImageObject","inLanguage":"en-US","@id":"https:\/\/naturelegance.com.br\/#\/schema\/logo\/image\/","url":"https:\/\/naturelegance.com.br\/wp-content\/uploads\/2026\/04\/cropped-file_00000000045c71f5bcf5b5b2271a815d.png","contentUrl":"https:\/\/naturelegance.com.br\/wp-content\/uploads\/2026\/04\/cropped-file_00000000045c71f5bcf5b5b2271a815d.png","width":721,"height":435,"caption":"Natur \u00c9l\u00e9gance"},"image":{"@id":"https:\/\/naturelegance.com.br\/#\/schema\/logo\/image\/"}}]}},"jetpack_sharing_enabled":true,"_links":{"self":[{"href":"https:\/\/naturelegance.com.br\/en\/wp-json\/wp\/v2\/pages\/2834","targetHints":{"allow":["GET"]}}],"collection":[{"href":"https:\/\/naturelegance.com.br\/en\/wp-json\/wp\/v2\/pages"}],"about":[{"href":"https:\/\/naturelegance.com.br\/en\/wp-json\/wp\/v2\/types\/page"}],"author":[{"embeddable":true,"href":"https:\/\/naturelegance.com.br\/en\/wp-json\/wp\/v2\/users\/1"}],"replies":[{"embeddable":true,"href":"https:\/\/naturelegance.com.br\/en\/wp-json\/wp\/v2\/comments?post=2834"}],"version-history":[{"count":4,"href":"https:\/\/naturelegance.com.br\/en\/wp-json\/wp\/v2\/pages\/2834\/revisions"}],"predecessor-version":[{"id":2840,"href":"https:\/\/naturelegance.com.br\/en\/wp-json\/wp\/v2\/pages\/2834\/revisions\/2840"}],"wp:attachment":[{"href":"https:\/\/naturelegance.com.br\/en\/wp-json\/wp\/v2\/media?parent=2834"}],"curies":[{"name":"wp","href":"https:\/\/api.w.org\/{rel}","templated":true}]}}