{"id":145,"date":"2026-02-10T21:24:43","date_gmt":"2026-02-10T21:24:43","guid":{"rendered":"https:\/\/naturelegance.com\/?page_id=145"},"modified":"2026-02-25T20:05:14","modified_gmt":"2026-02-25T20:05:14","slug":"day-hot","status":"publish","type":"page","link":"https:\/\/naturelegance.com.br\/en\/day-hot\/","title":{"rendered":"Day Hot"},"content":{"rendered":"<div data-elementor-type=\"wp-page\" data-elementor-id=\"145\" class=\"elementor elementor-145\" data-elementor-post-type=\"page\">\n\t\t\t\t<div class=\"elementor-element elementor-element-3100b80 e-flex e-con-boxed e-con e-parent\" data-id=\"3100b80\" data-element_type=\"container\" data-e-type=\"container\">\n\t\t\t\t\t<div class=\"e-con-inner\">\n\t\t\t\t<div class=\"elementor-element elementor-element-3ad470a elementor-grid-5 elementor-grid-tablet-3 elementor-grid-mobile-2 elementor-products-grid elementor-wc-products elementor-show-pagination-border-yes elementor-widget elementor-widget-woocommerce-products\" data-id=\"3ad470a\" data-element_type=\"widget\" data-e-type=\"widget\" data-widget_type=\"woocommerce-products.default\">\n\t\t\t\t<div class=\"elementor-widget-container\">\n\t\t\t\t\t<div class=\"woocommerce columns-5\"><div class=\"woocommerce-notices-wrapper\"><\/div><p class=\"woocommerce-result-count\" role=\"alert\" aria-relevant=\"all\" >\n\tShowing all 2 results<\/p>\n<form class=\"woocommerce-ordering\" method=\"get\" action=\"\">\n\t\t<select\n\t\tname=\"orderby\"\n\t\tclass=\"orderby\"\n\t\t\t\t\taria-label=\"Shop order\" data-no-translation-aria-label=\"\"\n\t\t\t>\n\t\t\t\t\t<option value=\"menu_order\"  selected='selected' data-no-translation=\"\" data-trp-gettext=\"\">Default sorting<\/option>\n\t\t\t\t\t<option value=\"popularity\" data-no-translation=\"\" data-trp-gettext=\"\" >Sort by popularity<\/option>\n\t\t\t\t\t<option value=\"date\" data-no-translation=\"\" data-trp-gettext=\"\" >Sort by latest<\/option>\n\t\t\t\t\t<option value=\"price\" data-no-translation=\"\" data-trp-gettext=\"\" >Sort by price: low to high<\/option>\n\t\t\t\t\t<option value=\"price-desc\" data-no-translation=\"\" data-trp-gettext=\"\" >Sort by price: high to low<\/option>\n\t\t\t<\/select>\n\t<input type=\"hidden\" name=\"paged\" value=\"1\" \/>\n\t<input type=\"hidden\" name=\"trp-form-language\" value=\"en\"\/><\/form>\n<ul class=\"products elementor-grid columns-5\">\n<li class=\"product type-product post-896 status-publish first instock product_cat-day-hot has-post-thumbnail shipping-taxable product-type-external\">\n\t<a href=\"https:\/\/naturelegance.com.br\/en\/product\/lubrificante-intimo-2-em-1-k-med\/\" class=\"woocommerce-LoopProduct-link woocommerce-loop-product__link\"><img fetchpriority=\"high\" decoding=\"async\" width=\"300\" height=\"300\" src=\"https:\/\/naturelegance.com.br\/wp-content\/uploads\/2026\/02\/Design-sem-nome-37-300x300.png\" class=\"attachment-woocommerce_thumbnail size-woocommerce_thumbnail\" alt=\"Lubrificante \u00cdntimo 2 em 1 K-Med\" srcset=\"https:\/\/naturelegance.com.br\/wp-content\/uploads\/2026\/02\/Design-sem-nome-37-300x300.png 300w, https:\/\/naturelegance.com.br\/wp-content\/uploads\/2026\/02\/Design-sem-nome-37-100x100.png 100w, https:\/\/naturelegance.com.br\/wp-content\/uploads\/2026\/02\/Design-sem-nome-37-600x600.png 600w, https:\/\/naturelegance.com.br\/wp-content\/uploads\/2026\/02\/Design-sem-nome-37-150x150.png 150w, https:\/\/naturelegance.com.br\/wp-content\/uploads\/2026\/02\/Design-sem-nome-37-768x768.png 768w, https:\/\/naturelegance.com.br\/wp-content\/uploads\/2026\/02\/Design-sem-nome-37.png 800w\" sizes=\"(max-width: 300px) 100vw, 300px\" \/><h2 class=\"woocommerce-loop-product__title\">Lubrificante \u00cdntimo 2 em 1 K-Med<\/h2>\n<div class=\"review-widget\">\n\t\t\t\t\t\t<ryviu-widget-total class=\"r-show-avg\" collection=\"1\" product_id=\"896\" handle=\"lubrificante-intimo-2-em-1-k-med\" reviews_data=\"\"><\/ryviu-widget-total>\n\t\t\t\t\t<\/div><\/a><a href=\"https:\/\/amzn.to\/4bX6F9P\" aria-describedby=\"woocommerce_loop_add_to_cart_link_describedby_896\" data-quantity=\"1\" class=\"button product_type_external\" data-product_id=\"896\" data-product_sku=\"\" aria-label=\"Ver oferta na Amazon\" rel=\"nofollow\">Ver oferta na Amazon<\/a>\t<span id=\"woocommerce_loop_add_to_cart_link_describedby_896\" class=\"screen-reader-text\">\n\t\t\t<\/span>\n<span class=\"gtm4wp_productdata\" style=\"display:none; visibility:hidden;\" data-gtm4wp_product_data=\"{&quot;internal_id&quot;:896,&quot;item_id&quot;:896,&quot;item_name&quot;:&quot;Lubrificante \\u00cdntimo 2 em 1 K-Med&quot;,&quot;sku&quot;:896,&quot;price&quot;:0,&quot;stocklevel&quot;:null,&quot;stockstatus&quot;:&quot;instock&quot;,&quot;google_business_vertical&quot;:&quot;retail&quot;,&quot;item_category&quot;:&quot;Day Hot&quot;,&quot;id&quot;:896,&quot;productlink&quot;:&quot;https:\\\/\\\/naturelegance.com.br\\\/en\\\/product\\\/lubrificante-intimo-2-em-1-k-med\\\/&quot;,&quot;item_list_name&quot;:&quot;General Product List&quot;,&quot;index&quot;:1,&quot;product_type&quot;:&quot;external&quot;,&quot;item_brand&quot;:&quot;&quot;}\"><\/span><\/li>\n<li class=\"product type-product post-911 status-publish instock product_cat-corpo-e-banho product_cat-day-hot has-post-thumbnail shipping-taxable product-type-external\">\n\t<a href=\"https:\/\/naturelegance.com.br\/en\/product\/nivea-sabonete-liquido-intimo-natural\/\" class=\"woocommerce-LoopProduct-link woocommerce-loop-product__link\"><img decoding=\"async\" width=\"300\" height=\"300\" data-src=\"https:\/\/naturelegance.com.br\/wp-content\/uploads\/2026\/02\/Design-sem-nome-38-300x300.png\" class=\"attachment-woocommerce_thumbnail size-woocommerce_thumbnail lazyload\" alt=\"NIVEA Sabonete L\u00edquido \u00cdntimo Natural\" data-srcset=\"https:\/\/naturelegance.com.br\/wp-content\/uploads\/2026\/02\/Design-sem-nome-38-300x300.png 300w, https:\/\/naturelegance.com.br\/wp-content\/uploads\/2026\/02\/Design-sem-nome-38-100x100.png 100w, https:\/\/naturelegance.com.br\/wp-content\/uploads\/2026\/02\/Design-sem-nome-38-600x600.png 600w, https:\/\/naturelegance.com.br\/wp-content\/uploads\/2026\/02\/Design-sem-nome-38-150x150.png 150w, https:\/\/naturelegance.com.br\/wp-content\/uploads\/2026\/02\/Design-sem-nome-38-768x768.png 768w, https:\/\/naturelegance.com.br\/wp-content\/uploads\/2026\/02\/Design-sem-nome-38.png 800w\" data-sizes=\"(max-width: 300px) 100vw, 300px\" src=\"data:image\/svg+xml;base64,PHN2ZyB3aWR0aD0iMSIgaGVpZ2h0PSIxIiB4bWxucz0iaHR0cDovL3d3dy53My5vcmcvMjAwMC9zdmciPjwvc3ZnPg==\" style=\"--smush-placeholder-width: 300px; --smush-placeholder-aspect-ratio: 300\/300;\" \/><h2 class=\"woocommerce-loop-product__title\">NIVEA Sabonete L\u00edquido \u00cdntimo Natural<\/h2>\n<div class=\"review-widget\">\n\t\t\t\t\t\t<ryviu-widget-total class=\"r-show-avg\" collection=\"1\" product_id=\"911\" handle=\"nivea-sabonete-liquido-intimo-natural\" reviews_data=\"\"><\/ryviu-widget-total>\n\t\t\t\t\t<\/div><\/a><a href=\"https:\/\/amzn.to\/4qCHgpC\" aria-describedby=\"woocommerce_loop_add_to_cart_link_describedby_911\" data-quantity=\"1\" class=\"button product_type_external\" data-product_id=\"911\" data-product_sku=\"\" aria-label=\"Ver oferta na Amazon\" rel=\"nofollow\">Ver oferta na Amazon<\/a>\t<span id=\"woocommerce_loop_add_to_cart_link_describedby_911\" class=\"screen-reader-text\">\n\t\t\t<\/span>\n<span class=\"gtm4wp_productdata\" style=\"display:none; visibility:hidden;\" data-gtm4wp_product_data=\"{&quot;internal_id&quot;:911,&quot;item_id&quot;:911,&quot;item_name&quot;:&quot;NIVEA Sabonete L\\u00edquido \\u00cdntimo Natural&quot;,&quot;sku&quot;:911,&quot;price&quot;:0,&quot;stocklevel&quot;:null,&quot;stockstatus&quot;:&quot;instock&quot;,&quot;google_business_vertical&quot;:&quot;retail&quot;,&quot;item_category&quot;:&quot;Day Hot&quot;,&quot;id&quot;:911,&quot;productlink&quot;:&quot;https:\\\/\\\/naturelegance.com.br\\\/en\\\/product\\\/nivea-sabonete-liquido-intimo-natural\\\/&quot;,&quot;item_list_name&quot;:&quot;General Product List&quot;,&quot;index&quot;:2,&quot;product_type&quot;:&quot;external&quot;,&quot;item_brand&quot;:&quot;&quot;}\"><\/span><\/li>\n<\/ul>\n<\/div>\t\t\t\t<\/div>\n\t\t\t\t<\/div>\n\t\t\t\t\t<\/div>\n\t\t\t\t<\/div>\n\t\t\t\t<\/div>","protected":false},"excerpt":{"rendered":"","protected":false},"author":1,"featured_media":0,"parent":0,"menu_order":0,"comment_status":"closed","ping_status":"closed","template":"elementor_header_footer","meta":{"footnotes":""},"class_list":["post-145","page","type-page","status-publish","hentry"],"yoast_head":"<!-- This site is optimized with the Yoast SEO plugin v27.6 - https:\/\/yoast.com\/product\/yoast-seo-wordpress\/ -->\n<title>Day Hot - Natur \u00c9l\u00e9gance<\/title>\n<meta name=\"robots\" content=\"index, follow, max-snippet:-1, max-image-preview:large, max-video-preview:-1\" \/>\n<link rel=\"canonical\" href=\"https:\/\/naturelegance.com.br\/en\/day-hot\/\" \/>\n<meta property=\"og:locale\" content=\"en_US\" \/>\n<meta property=\"og:type\" content=\"article\" \/>\n<meta property=\"og:title\" content=\"Day Hot - Natur \u00c9l\u00e9gance\" \/>\n<meta property=\"og:url\" content=\"https:\/\/naturelegance.com.br\/en\/day-hot\/\" \/>\n<meta property=\"og:site_name\" content=\"Natur \u00c9l\u00e9gance\" \/>\n<meta property=\"article:modified_time\" content=\"2026-02-25T20:05:14+00:00\" \/>\n<meta name=\"twitter:card\" content=\"summary_large_image\" \/>\n<script type=\"application\/ld+json\" class=\"yoast-schema-graph\">{\"@context\":\"https:\\\/\\\/schema.org\",\"@graph\":[{\"@type\":\"WebPage\",\"@id\":\"https:\\\/\\\/naturelegance.com.br\\\/day-hot\\\/\",\"url\":\"https:\\\/\\\/naturelegance.com.br\\\/day-hot\\\/\",\"name\":\"Day Hot - Natur \u00c9l\u00e9gance\",\"isPartOf\":{\"@id\":\"https:\\\/\\\/naturelegance.com.br\\\/#website\"},\"datePublished\":\"2026-02-10T21:24:43+00:00\",\"dateModified\":\"2026-02-25T20:05:14+00:00\",\"breadcrumb\":{\"@id\":\"https:\\\/\\\/naturelegance.com.br\\\/day-hot\\\/#breadcrumb\"},\"inLanguage\":\"en-US\",\"potentialAction\":[{\"@type\":\"ReadAction\",\"target\":[\"https:\\\/\\\/naturelegance.com.br\\\/day-hot\\\/\"]}]},{\"@type\":\"BreadcrumbList\",\"@id\":\"https:\\\/\\\/naturelegance.com.br\\\/day-hot\\\/#breadcrumb\",\"itemListElement\":[{\"@type\":\"ListItem\",\"position\":1,\"name\":\"Home\",\"item\":\"https:\\\/\\\/naturelegance.com.br\\\/\"},{\"@type\":\"ListItem\",\"position\":2,\"name\":\"Day Hot\"}]},{\"@type\":\"WebSite\",\"@id\":\"https:\\\/\\\/naturelegance.com.br\\\/#website\",\"url\":\"https:\\\/\\\/naturelegance.com.br\\\/\",\"name\":\"Natur \u00c9l\u00e9gance\",\"description\":\"Produto de sa\u00fade e beleza\",\"publisher\":{\"@id\":\"https:\\\/\\\/naturelegance.com.br\\\/#organization\"},\"potentialAction\":[{\"@type\":\"SearchAction\",\"target\":{\"@type\":\"EntryPoint\",\"urlTemplate\":\"https:\\\/\\\/naturelegance.com.br\\\/?s={search_term_string}\"},\"query-input\":{\"@type\":\"PropertyValueSpecification\",\"valueRequired\":true,\"valueName\":\"search_term_string\"}}],\"inLanguage\":\"en-US\"},{\"@type\":\"Organization\",\"@id\":\"https:\\\/\\\/naturelegance.com.br\\\/#organization\",\"name\":\"Natur \u00c9l\u00e9gance\",\"url\":\"https:\\\/\\\/naturelegance.com.br\\\/\",\"logo\":{\"@type\":\"ImageObject\",\"inLanguage\":\"en-US\",\"@id\":\"https:\\\/\\\/naturelegance.com.br\\\/#\\\/schema\\\/logo\\\/image\\\/\",\"url\":\"https:\\\/\\\/naturelegance.com.br\\\/wp-content\\\/uploads\\\/2026\\\/04\\\/cropped-file_00000000045c71f5bcf5b5b2271a815d.png\",\"contentUrl\":\"https:\\\/\\\/naturelegance.com.br\\\/wp-content\\\/uploads\\\/2026\\\/04\\\/cropped-file_00000000045c71f5bcf5b5b2271a815d.png\",\"width\":721,\"height\":435,\"caption\":\"Natur \u00c9l\u00e9gance\"},\"image\":{\"@id\":\"https:\\\/\\\/naturelegance.com.br\\\/#\\\/schema\\\/logo\\\/image\\\/\"}}]}<\/script>\n<!-- \/ Yoast SEO plugin. -->","yoast_head_json":{"title":"Day Hot - Natur \u00c9l\u00e9gance","robots":{"index":"index","follow":"follow","max-snippet":"max-snippet:-1","max-image-preview":"max-image-preview:large","max-video-preview":"max-video-preview:-1"},"canonical":"https:\/\/naturelegance.com.br\/en\/day-hot\/","og_locale":"en_US","og_type":"article","og_title":"Day Hot - Natur \u00c9l\u00e9gance","og_url":"https:\/\/naturelegance.com.br\/en\/day-hot\/","og_site_name":"Natur \u00c9l\u00e9gance","article_modified_time":"2026-02-25T20:05:14+00:00","twitter_card":"summary_large_image","schema":{"@context":"https:\/\/schema.org","@graph":[{"@type":"WebPage","@id":"https:\/\/naturelegance.com.br\/day-hot\/","url":"https:\/\/naturelegance.com.br\/day-hot\/","name":"Day Hot - Natur \u00c9l\u00e9gance","isPartOf":{"@id":"https:\/\/naturelegance.com.br\/#website"},"datePublished":"2026-02-10T21:24:43+00:00","dateModified":"2026-02-25T20:05:14+00:00","breadcrumb":{"@id":"https:\/\/naturelegance.com.br\/day-hot\/#breadcrumb"},"inLanguage":"en-US","potentialAction":[{"@type":"ReadAction","target":["https:\/\/naturelegance.com.br\/day-hot\/"]}]},{"@type":"BreadcrumbList","@id":"https:\/\/naturelegance.com.br\/day-hot\/#breadcrumb","itemListElement":[{"@type":"ListItem","position":1,"name":"Home","item":"https:\/\/naturelegance.com.br\/"},{"@type":"ListItem","position":2,"name":"Day Hot"}]},{"@type":"WebSite","@id":"https:\/\/naturelegance.com.br\/#website","url":"https:\/\/naturelegance.com.br\/","name":"Natur \u00c9l\u00e9gance","description":"Produto de sa\u00fade e beleza","publisher":{"@id":"https:\/\/naturelegance.com.br\/#organization"},"potentialAction":[{"@type":"SearchAction","target":{"@type":"EntryPoint","urlTemplate":"https:\/\/naturelegance.com.br\/?s={search_term_string}"},"query-input":{"@type":"PropertyValueSpecification","valueRequired":true,"valueName":"search_term_string"}}],"inLanguage":"en-US"},{"@type":"Organization","@id":"https:\/\/naturelegance.com.br\/#organization","name":"Natur \u00c9l\u00e9gance","url":"https:\/\/naturelegance.com.br\/","logo":{"@type":"ImageObject","inLanguage":"en-US","@id":"https:\/\/naturelegance.com.br\/#\/schema\/logo\/image\/","url":"https:\/\/naturelegance.com.br\/wp-content\/uploads\/2026\/04\/cropped-file_00000000045c71f5bcf5b5b2271a815d.png","contentUrl":"https:\/\/naturelegance.com.br\/wp-content\/uploads\/2026\/04\/cropped-file_00000000045c71f5bcf5b5b2271a815d.png","width":721,"height":435,"caption":"Natur \u00c9l\u00e9gance"},"image":{"@id":"https:\/\/naturelegance.com.br\/#\/schema\/logo\/image\/"}}]}},"jetpack_sharing_enabled":true,"_links":{"self":[{"href":"https:\/\/naturelegance.com.br\/en\/wp-json\/wp\/v2\/pages\/145","targetHints":{"allow":["GET"]}}],"collection":[{"href":"https:\/\/naturelegance.com.br\/en\/wp-json\/wp\/v2\/pages"}],"about":[{"href":"https:\/\/naturelegance.com.br\/en\/wp-json\/wp\/v2\/types\/page"}],"author":[{"embeddable":true,"href":"https:\/\/naturelegance.com.br\/en\/wp-json\/wp\/v2\/users\/1"}],"replies":[{"embeddable":true,"href":"https:\/\/naturelegance.com.br\/en\/wp-json\/wp\/v2\/comments?post=145"}],"version-history":[{"count":7,"href":"https:\/\/naturelegance.com.br\/en\/wp-json\/wp\/v2\/pages\/145\/revisions"}],"predecessor-version":[{"id":2363,"href":"https:\/\/naturelegance.com.br\/en\/wp-json\/wp\/v2\/pages\/145\/revisions\/2363"}],"wp:attachment":[{"href":"https:\/\/naturelegance.com.br\/en\/wp-json\/wp\/v2\/media?parent=145"}],"curies":[{"name":"wp","href":"https:\/\/api.w.org\/{rel}","templated":true}]}}